{"id":18160,"date":"2024-06-29T20:33:32","date_gmt":"2024-06-29T18:33:32","guid":{"rendered":"https:\/\/bobobooks.de\/shop\/%e7%a0%b4%e7%a2%8e%e7%9a%84%e7%94%9f%e6%b4%bb%ef%bc%9a%e6%99%ae%e9%80%9a%e5%be%b7%e5%9b%bd%e4%ba%ba%e7%bb%8f%e5%8e%86%e7%9a%8420%e4%b8%96%e7%ba%aa\/"},"modified":"2026-03-23T23:31:13","modified_gmt":"2026-03-23T22:31:13","slug":"zerbrochene-leben-das-20-jahrhundert-aus-der-sicht-ganz-normaler-deutscher","status":"publish","type":"product","link":"https:\/\/bobobooks.de\/de\/po_sui_de_sheng_huo\/","title":{"rendered":"Zerbrochene Leben: Das 20. Jahrhundert aus der Sicht ganz normaler Deutscher"},"content":{"rendered":"<p>Ein umfassendes Bild der Geschichte Deutschlands im 20. Jahrhundert und ein Portr\u00e4t der \"kleinen Leute\" der gro\u00dfen Zeit.<\/p>\n<p>Von der Nazi-Diktatur, dem Zweiten Weltkrieg, dem Holocaust, dem Kalten Krieg bis zum Fall der Berliner Mauer<\/p>\n<p>Wie gew\u00f6hnliche Menschen inmitten dramatischer Ver\u00e4nderungen, die mit Mord und Tod einhergehen, ihr zerr\u00fcttetes Leben wieder aufbauen<\/p>\n<p>\"Beschreibung des Inhalts\"<\/p>\n<p>Die \"Weimarer Generation\" der Deutschen, die in den 1920er Jahren geboren wurde, hat fast alle gro\u00dfen Ereignisse des 20. Jahrhunderts miterlebt: das Dritte Reich, den Zweiten Weltkrieg, den Holocaust, den Wiederaufbau nach dem Krieg, die Teilung im Kalten Krieg und die Wiedervereinigung und den Wiederaufbau nach dem Fall der Berliner Mauer. Das Privatleben und der Lauf der Geschichte sind selten eng miteinander verwoben. Im R\u00fcckblick auf ihre Lebenserfahrungen wird ihr fr\u00fcherer Enthusiasmus durch die Wahrheit \u00fcber die Diktatur desillusioniert, einige gestehen, andere entschuldigen sich mit Unwissenheit und Wahnvorstellungen, und wieder andere behaupten, dass die Deutschen ebenso Opfer waren, um Sympathien zu gewinnen.<\/p>\n<p>Auf der Grundlage von mehr als siebzig Autobiografien und Memoiren aus erster Hand beschreibt Shattered Lives das Deutschland des zwanzigsten Jahrhunderts aus der Perspektive einfacher Menschen. Unter ihnen sind Soldaten, die an den Fronten des Krieges k\u00e4mpften, und Frauen, die die Jahre der Depression an der Heimatfront ertrugen; T\u00e4ter, die ethnische S\u00e4uberungen durchf\u00fchrten, und Opfer der Nazi-Gr\u00e4ueltaten. Durch eine erneute Untersuchung der deutschen nationalen Identit\u00e4t versucht das Buch zu beantworten, warum so viele Menschen Hitlers Kriege und die Brutalit\u00e4t der Nazis unterst\u00fctzten, und wie sie sich schlie\u00dflich von Rassismus und Diktatur abgrenzten und sich wieder f\u00fcr die Menschenrechte einsetzten und sich von milit\u00e4rischen Aggressoren zu S\u00e4ulen der Demokratie in Europa wandelten.<\/p>\n<p>\"Editor's Choice<\/p>\n<p>\u2605 Ein komplettes Bild der deutschen Geschichte des 20. Jahrhunderts, das den Umbruch des Schicksals der einfachen Menschen inmitten der Wirren der Zeit anschaulich darstellt.<\/p>\n<p>Deutsche, die in den 1920er Jahren geboren wurden, erbten den historischen Ruhm des deutschen Kaiserreichs und hatten eine gl\u00fcckliche und freie Kindheit in Weimar, erlebten dann aber die Naziherrschaft, die Grausamkeit des Zweiten Weltkriegs, die S\u00fcnden des Holocaust, die Teilung und Liquidierung der Niederlage, die Teilung zwischen Ost- und Westdeutschland im Kalten Krieg und schlie\u00dflich die Wiedervereinigung der beiden Deutschlands in der letzten Phase ihres Lebens. Ihr Leben steht stellvertretend f\u00fcr die Weltgeschichte des 20. Jahrhunderts und ist die beste Darstellung des Schicksals einzelner Menschen in der gro\u00dfen Zeit.<\/p>\n<p>\u2605 Ein Gruppenportr\u00e4t der \"kleinen Leute\", das die gro\u00dfe Zeit widerspiegelt und die Situation und die Entscheidungen der einfachen Leute an einem wichtigen historischen Wendepunkt darstellt.<\/p>\n<p>Die Protagonisten dieses Buches sind sowohl Soldaten, die an der Front k\u00e4mpften, als auch Frauen, die die Depression im Hinterland ertrugen; T\u00e4ter, die ethnische S\u00e4uberungen durchf\u00fchrten, und Opfer der Nazi-Gr\u00e4ueltaten. Erfahren Sie, warum sie Hitlers Krieg und das Naziregime unterst\u00fctzten, wie sie sich von Rassismus und Holocaust abgrenzten und wie sie schlie\u00dflich ihr eigenes Leid und ihre Verantwortung f\u00fcr den Krieg erkannten und wie ganz normale Menschen gegen ein m\u00e4chtiges Schicksal ank\u00e4mpften und ihren eigenen Lebensweg w\u00e4hlten.<\/p>\n<p>\u2605 Eine Geschichte aus der realen Welt, die die Stimmen gew\u00f6hnlicher Menschen wiederherstellt und die allt\u00e4glichen Momente gew\u00f6hnlicher Menschen zeigt, die ihr zerr\u00fcttetes Leben unter dramatischen Ver\u00e4nderungen wieder aufbauen.<\/p>\n<p>Vom Ersten Weltkrieg bis zur Weltwirtschaftskrise, von den Nazis bis zum Zweiten Weltkrieg, vom Kalten Krieg bis zum Fall der Berliner Mauer - das Leben der einfachen Leute im zwanzigsten Jahrhundert war nicht nur eine Reihe gro\u00dfer historischer Ereignisse, sondern auch die W\u00e4rme eines Abendessens mit der Familie, die Spielzeit mit Gleichaltrigen, die Jugendlichkeit des Swingens zum Klang des Jazz, die W\u00e4rme einer Familie, die unter der Bedrohung durch den Tod des Krieges aufgebaut wurde, und der Wiederaufbau eines Lebens inmitten der Spannungen des Kalten Krieges ... ...Diese allt\u00e4glichen Routinen gew\u00f6hnlicher Menschen sind das, was das Leben wirklich ausmacht.<\/p>\n<p>\u2605 Smithsonian Institution's Best History Books of 2018, Kirkus Reviews' Best Nonfiction Books of 2018 und Choice Review's Outstanding Academic Book of 2018.<\/p>","protected":false},"excerpt":{"rendered":"<p>\u4e00\u5e4520\u4e16\u7eaa\u5fb7\u56fd\u5386\u53f2\u7684\u5b8c\u6574\u56fe\u666f\uff0c\u4e00\u90e8\u6298\u5c04\u5927\u65f6\u4ee3\u7684\u201c\u5c0f\u4eba\u7269\u201d\u7fa4\u50cf \u4ece\u7eb3\u7cb9\u72ec\u88c1\u3001\u4e8c\u6218\u3001\u5927\u5c60\u6740\u3001\u51b7\u6218\u5230\u67cf\u6797\u5899\u5012\u584c \u5728 [&hellip;]<\/p>\n","protected":false},"featured_media":26084,"template":"","meta":{"advanced_seo_description":"","jetpack_seo_html_title":"","jetpack_seo_noindex":false,"jetpack_post_was_ever_published":false},"product_brand":[],"product_cat":[132711,132893],"product_tag":[],"class_list":{"0":"post-18160","1":"product","2":"type-product","3":"status-publish","4":"has-post-thumbnail","6":"product_cat-132711","7":"product_cat-132893","9":"first","10":"instock","11":"taxable","12":"shipping-taxable","13":"purchasable","14":"product-type-simple"},"exclude_global_add_ons":[],"addons":[],"jetpack_sharing_enabled":true,"_links":{"self":[{"href":"https:\/\/bobobooks.de\/de\/wp-json\/wp\/v2\/product\/18160","targetHints":{"allow":["GET"]}}],"collection":[{"href":"https:\/\/bobobooks.de\/de\/wp-json\/wp\/v2\/product"}],"about":[{"href":"https:\/\/bobobooks.de\/de\/wp-json\/wp\/v2\/types\/product"}],"version-history":[{"count":3,"href":"https:\/\/bobobooks.de\/de\/wp-json\/wp\/v2\/product\/18160\/revisions"}],"predecessor-version":[{"id":18639,"href":"https:\/\/bobobooks.de\/de\/wp-json\/wp\/v2\/product\/18160\/revisions\/18639"}],"wp:featuredmedia":[{"embeddable":true,"href":"https:\/\/bobobooks.de\/de\/wp-json\/wp\/v2\/media\/26084"}],"wp:attachment":[{"href":"https:\/\/bobobooks.de\/de\/wp-json\/wp\/v2\/media?parent=18160"}],"wp:term":[{"taxonomy":"product_brand","embeddable":true,"href":"https:\/\/bobobooks.de\/de\/wp-json\/wp\/v2\/product_brand?post=18160"},{"taxonomy":"product_cat","embeddable":true,"href":"https:\/\/bobobooks.de\/de\/wp-json\/wp\/v2\/product_cat?post=18160"},{"taxonomy":"product_tag","embeddable":true,"href":"https:\/\/bobobooks.de\/de\/wp-json\/wp\/v2\/product_tag?post=18160"}],"curies":[{"name":"wp","href":"https:\/\/api.w.org\/{rel}","templated":true}]}}