{"id":18154,"date":"2024-06-29T20:33:31","date_gmt":"2024-06-29T18:33:31","guid":{"rendered":"https:\/\/bobobooks.de\/shop\/%e5%85%84%e5%bc%9f\/"},"modified":"2026-01-01T16:24:15","modified_gmt":"2026-01-01T15:24:15","slug":"bruderlich","status":"publish","type":"product","link":"https:\/\/bobobooks.de\/de\/xiong_di\/","title":{"rendered":"br\u00fcderlich"},"content":{"rendered":"<p>\u2605 Yu Hua's eigene Lieblingswerke<\/p>\n<p>-Ein wirklich gro\u00dfer und sch\u00f6ner Roman.<\/p>\n<p>\u2605Einige Menschen leben, Leben und Tod m\u00fcde; einige Menschen leben, kaprizi\u00f6s frei.<\/p>\n<p>\u2605Preistr\u00e4ger des Internationalen franz\u00f6sischen Courier-Preises f\u00fcr ausl\u00e4ndische Belletristik<\/p>\n<p>-Asia Weekly Top Ten der chinesischen Romane<\/p>\n<p>- The Swiss Times Best of the World in the New Century Decade<\/p>\n<p>- Frankreichs Le Monde 100 beste Romane nach dem Zweiten Weltkrieg<\/p>\n<p>\u2605 Scharf und mutig und herrlich schmutzig, ein weinerliches und urkomisches Epos \u00fcber die Sterblichkeit<\/p>\n<p>-Die Absurdit\u00e4t ist so gro\u00df, dass sie real wird.<\/p>\n<p>\u2605Neu gebunden und relauncht!<\/p>\n<p>\u2605Brothers zeigt das Panorama menschlicher Emotionen - von Vulgarit\u00e4t, Fanatismus und Opportunismus bis hin zu Liebe und innerer Gr\u00f6\u00dfe, fast alles inklusive. In diesem Mikrokosmos ist niemand isoliert und es gibt keine Privatsph\u00e4re; die Geschichten von Brautwerbung und Schande, von Schmerz oder Tod spielen sich offen auf der Stra\u00dfe ab und machen den Roman selbst zu einem Welttheater. --Neue Z\u00fcrcher Zeitung<\/p>\n<p>\u2605 Yu Huas Skizze der zeitgen\u00f6ssischen chinesischen Gesellschaft ist in ihrer Sch\u00e4rfe und Grausamkeit un\u00fcbertroffen. --The Times<\/p>\n<p>\u2605 Obwohl es \u00fcber sechshundert Seiten lang ist, ist es fesselnd und herzzerrei\u00dfend. Die gewaltt\u00e4tige Vitalit\u00e4t des Glatzkopfs Lee hat die Trag\u00f6die vorweggenommen, und ein verschwitztes, scharfzahniges Monster scheint mit einem abscheulichen Gesicht aus der Welt des Mythos aufgetaucht zu sein. Dies ist ein gro\u00dfartiges Werk aus Schmutz und Dreck, unbestreitbar auf einer Stufe mit den Meisterwerken von Zola, Louis Ferdinand Selina und Rabelais. --Cox's Review<\/p>\n<p>[Beschreibung des Inhalts]<\/p>\n<p>Brothers folgt dem Leben zweier Br\u00fcder, Li Guangtou und Song Gang, in einer kleinen Stadt in Jiangnan.<\/p>\n<p>Dies ist ein Roman, der nach dem Zusammentreffen zweier Epochen entstanden ist, und das Bindeglied zwischen diesen beiden Epochen sind diese beiden Br\u00fcder, deren Leben in Risse zerf\u00e4llt, deren Sorgen und Freuden in Ausbr\u00fcchen explodieren und deren Schicksale ebenso auf den Kopf gestellt werden, wie diese beiden Epochen auf den Kopf gestellt werden.<\/p>\n<p>\"Es ist nur so, dass der Himmel die Grenze ist und wir immer noch Br\u00fcder sind.\"<\/p>\n<p>Der glatzk\u00f6pfige Lee ist eine gemischte Sache, und ich liebe diese Figur. Ich liebe den Reichtum und die Komplexit\u00e4t der Figur, die untrennbar mit unserer Zeit verbunden ist, ein Produkt unserer Zeit sozusagen. Song Gang ist eine \"Trag\u00f6die des Gewissens\". Er war immer der Schatten der anderen, zuerst von Li Guangtou, dann von Lin Hong, und schlie\u00dflich wurde er unabh\u00e4ngig, aber dem Tod entgegen.<\/p>\n<p>--Yu Hua<\/p>","protected":false},"excerpt":{"rendered":"<p>\u2605\u4f59\u534e\u672c\u4eba\u6700\u7231\u7684\u4f5c\u54c1 -\u4e00\u90e8\u771f\u6b63\u4f1f\u5927\u53c8\u597d\u770b\u7684\u5c0f\u8bf4 \u2605\u6709\u7684\u4eba\u6d3b\u7740\uff0c\u751f\u6b7b\u75b2\u52b3\uff1b\u6709\u7684\u4eba\u6d3b\u7740\uff0c\u4efb\u6027\u900d\u9065\u3002 \u2605\u83b7\u6cd5\u56fd\u56fd\u9645 [&hellip;]<\/p>\n","protected":false},"featured_media":26329,"template":"","meta":{"advanced_seo_description":"","jetpack_seo_html_title":"","jetpack_seo_noindex":false,"jetpack_post_was_ever_published":false},"product_brand":[],"product_cat":[132922,132924],"product_tag":[],"class_list":{"0":"post-18154","1":"product","2":"type-product","3":"status-publish","4":"has-post-thumbnail","6":"product_cat-132922","7":"product_cat-132924","9":"first","10":"instock","11":"taxable","12":"shipping-taxable","13":"purchasable","14":"product-type-simple"},"exclude_global_add_ons":[],"addons":[],"jetpack_sharing_enabled":true,"_links":{"self":[{"href":"https:\/\/bobobooks.de\/de\/wp-json\/wp\/v2\/product\/18154","targetHints":{"allow":["GET"]}}],"collection":[{"href":"https:\/\/bobobooks.de\/de\/wp-json\/wp\/v2\/product"}],"about":[{"href":"https:\/\/bobobooks.de\/de\/wp-json\/wp\/v2\/types\/product"}],"version-history":[{"count":3,"href":"https:\/\/bobobooks.de\/de\/wp-json\/wp\/v2\/product\/18154\/revisions"}],"predecessor-version":[{"id":18660,"href":"https:\/\/bobobooks.de\/de\/wp-json\/wp\/v2\/product\/18154\/revisions\/18660"}],"wp:featuredmedia":[{"embeddable":true,"href":"https:\/\/bobobooks.de\/de\/wp-json\/wp\/v2\/media\/26329"}],"wp:attachment":[{"href":"https:\/\/bobobooks.de\/de\/wp-json\/wp\/v2\/media?parent=18154"}],"wp:term":[{"taxonomy":"product_brand","embeddable":true,"href":"https:\/\/bobobooks.de\/de\/wp-json\/wp\/v2\/product_brand?post=18154"},{"taxonomy":"product_cat","embeddable":true,"href":"https:\/\/bobobooks.de\/de\/wp-json\/wp\/v2\/product_cat?post=18154"},{"taxonomy":"product_tag","embeddable":true,"href":"https:\/\/bobobooks.de\/de\/wp-json\/wp\/v2\/product_tag?post=18154"}],"curies":[{"name":"wp","href":"https:\/\/api.w.org\/{rel}","templated":true}]}}