{"id":16994,"date":"2024-03-10T19:34:01","date_gmt":"2024-03-10T18:34:01","guid":{"rendered":"https:\/\/bobobooks.de\/shop\/%e7%95%aa%e8%8c%84%e5%b7%a5%e4%bd%9c%e6%b3%95%e5%9b%be%e8%a7%a3\/"},"modified":"2026-01-01T16:24:13","modified_gmt":"2026-01-01T15:24:13","slug":"die-illustrierte-tomatenmethode","status":"publish","type":"product","link":"https:\/\/bobobooks.de\/de\/fan_qie_gong_yuo_fa_tu_jie\/","title":{"rendered":"Die illustrierte Tomatenmethode"},"content":{"rendered":"<p>Empfohlen von Francisco Cirillo, dem Erfinder der Tomato Work Method.<\/p>\n<p>Eine unterhaltsame und leicht zu lesende Einf\u00fchrung in die Tomato Work-Methode, vollst\u00e4ndig lektoriert und mit vollst\u00e4ndigen Interviews mit Autoren aus der Turing-Gemeinschaft erg\u00e4nzt!<\/p>\n<p>Die Zeit geh\u00f6rt nur dann Ihnen, wenn Sie sich auf die Gegenwart konzentrieren, und die Tomato-Methode erm\u00f6glicht es Ihnen, sich zu 100% auf die Gegenwart zu konzentrieren!<\/p>\n<p>\u25ce Wahl des Herausgebers<\/p>\n<p>Die Menschen von heute befinden sich in einem Krieg, in dem ein Haufen kluger K\u00f6pfe versucht, Produkte herzustellen, die s\u00fcchtig machen, s\u00fcchtig machen und einen mit Dopamin in die Ahnungslosigkeit treiben, in der sie deine Aufmerksamkeit gewinnen und du feststellst, dass du nichts getan hast und die Zeit bereits vergangen ist. Also bereut man es, wird wieder s\u00fcchtig und bereut es wieder.<\/p>\n<p>Es besteht kein Zweifel daran, dass wir uns mehr denn je auf den gegenw\u00e4rtigen Moment konzentrieren m\u00fcssen - es geht um unsere Ergebnisse, und es geht um unser Gl\u00fcck. Die Tomato-Methode, eine einfach zu befolgende Zeitmanagement-Methode, lenkt unsere Aufmerksamkeit zu 100 % auf den gegenw\u00e4rtigen Moment, befreit uns von unn\u00f6tigem Stress und Belastungen und erm\u00f6glicht es uns, unsere Ziele mit einem L\u00e4cheln im Gesicht zu erreichen.<\/p>\n<p>Dieses Buch verwendet Cartoon-Illustrationen, um die Tomaten-Arbeitsmethode einfach und unterhaltsam zu machen, \u00fcberhaupt nicht erm\u00fcdend und schnell zu lernen.<\/p>\n<p>\u25ce Einleitung<\/p>\n<p>Dieses Buch stellt eine der beliebtesten Zeitmanagement-Methoden vor, die Tomaten-Arbeitsmethode. Ausgehend von den pers\u00f6nlichen Erfahrungen des Autors bei der Anwendung der Tomaten-Arbeitsmethode stellt er den Lesern die spezifische Theorie und Praxis der Tomaten-Arbeitsmethode in anschaulicher Sprache und mit anschaulichen Zeichnungen vor. Die Tomatenmethode ist einfach und unkompliziert, und so ist auch dieses Buch. In nur 25 Minuten Tomatenarbeit werden Sie nicht nur an Effizienz gewinnen, sondern auch ein unerwartetes Erfolgserlebnis haben.<\/p>\n<p>Dieses Buch ist f\u00fcr alle, die produktiver sein wollen.<\/p>","protected":false},"excerpt":{"rendered":"<p>\u756a\u8304\u5de5\u4f5c\u6cd5\u53d1\u660e\u5f17\u6717\u897f\u65af\u79d1\u00b7\u897f\u91cc\u6d1b\u4f5c\u5e8f\u63a8\u8350 \u756a\u8304\u5de5\u4f5c\u6cd5\u5165\u95e8\u4e66\uff0c\u8f7b\u677e\u597d\u73a9\u6613\u8bfb\uff0c\u5185\u5bb9\u5168\u9762\u6821\u8ba2\uff0c\u589e\u8865\u56fe\u7075\u793e\u533a\u8bbf\u8c08\u4f5c\u8005\u5168 [&hellip;]<\/p>\n","protected":false},"featured_media":25007,"template":"","meta":{"advanced_seo_description":"","jetpack_seo_html_title":"","jetpack_seo_noindex":false,"jetpack_post_was_ever_published":false},"product_brand":[],"product_cat":[132914,132917],"product_tag":[],"class_list":{"0":"post-16994","1":"product","2":"type-product","3":"status-publish","4":"has-post-thumbnail","6":"product_cat-132914","7":"product_cat-132917","9":"first","10":"instock","11":"taxable","12":"shipping-taxable","13":"purchasable","14":"product-type-simple"},"exclude_global_add_ons":[],"addons":[],"jetpack_sharing_enabled":true,"_links":{"self":[{"href":"https:\/\/bobobooks.de\/de\/wp-json\/wp\/v2\/product\/16994","targetHints":{"allow":["GET"]}}],"collection":[{"href":"https:\/\/bobobooks.de\/de\/wp-json\/wp\/v2\/product"}],"about":[{"href":"https:\/\/bobobooks.de\/de\/wp-json\/wp\/v2\/types\/product"}],"version-history":[{"count":3,"href":"https:\/\/bobobooks.de\/de\/wp-json\/wp\/v2\/product\/16994\/revisions"}],"predecessor-version":[{"id":18470,"href":"https:\/\/bobobooks.de\/de\/wp-json\/wp\/v2\/product\/16994\/revisions\/18470"}],"wp:featuredmedia":[{"embeddable":true,"href":"https:\/\/bobobooks.de\/de\/wp-json\/wp\/v2\/media\/25007"}],"wp:attachment":[{"href":"https:\/\/bobobooks.de\/de\/wp-json\/wp\/v2\/media?parent=16994"}],"wp:term":[{"taxonomy":"product_brand","embeddable":true,"href":"https:\/\/bobobooks.de\/de\/wp-json\/wp\/v2\/product_brand?post=16994"},{"taxonomy":"product_cat","embeddable":true,"href":"https:\/\/bobobooks.de\/de\/wp-json\/wp\/v2\/product_cat?post=16994"},{"taxonomy":"product_tag","embeddable":true,"href":"https:\/\/bobobooks.de\/de\/wp-json\/wp\/v2\/product_tag?post=16994"}],"curies":[{"name":"wp","href":"https:\/\/api.w.org\/{rel}","templated":true}]}}