{"id":16455,"date":"2024-01-19T14:13:39","date_gmt":"2024-01-19T13:13:39","guid":{"rendered":"https:\/\/bobobooks.de\/?post_type=product&#038;p=16455"},"modified":"2026-03-23T23:20:55","modified_gmt":"2026-03-23T22:20:55","slug":"klassisch-behindern","status":"publish","type":"product","link":"https:\/\/bobobooks.de\/de\/ge\/","title":{"rendered":"(klassisch) behindern"},"content":{"rendered":"<p>Das erste Originalwerk eines der beliebtesten chinesischen Podcasts, Random Fluctuations.<\/p>\n<p>Ausgehend von dem Konzept des \"Rahmens\", der die Grenzen der Vorstellungskraft und des Denkens \u00f6ffnet.<\/p>\n<p>Wir laden bekannte Autoren wie Wang Min'an, Linzhao, Liaojing usw. ein und w\u00e4hlen die neuesten Werke von Han Byung-chul und Ferrante aus.<\/p>\n<p>Zu sehen sind Werke von f\u00fchrenden internationalen K\u00fcnstlern wie Damien Hirst, Louise Bourgeois, Agnes Martin und vielen anderen.<\/p>\n<p>Mehr als 100 exquisite Originalbilder, vier Arten von hochwertigem Innenpapier x hochaufl\u00f6sender Vierfarbendruck x drei spezielle Schmuckfarben<\/p>\n<p>Aufw\u00e4ndige Handwerkskunst, handgefertigte Bindung, die die Sch\u00f6nheit des Tons zeigt<\/p>\n<p>Ein thematisches Kunstbuch, das die Tradition auf den Kopf stellt.<\/p>\n<p>Vom Text bis zum Bild, von KI-Algorithmen bis zum Schreiben von Frauen werden die verschiedenen M\u00f6glichkeiten des \"Grid\" miteinander verwoben.<\/p>\n<p>Wenn wir das \"Raster\" betreten, k\u00f6nnen wir die Geschichte untersuchen und die Gegenwart aus einer neuen Perspektive verstehen; wenn wir aus dem \"Raster\" herausspringen, k\u00f6nnen wir mit Kreativit\u00e4t unendlich viele Bedeutungen erzeugen.<\/p>\n<p>----<\/p>\n<p>Dies ist das erste thematische Kunstbuch, das von einem der beliebtesten chinesischen Podcasts, Random Fluctuations, kuratiert wurde.<\/p>\n<p>Das Gitternetz der Textilien, das Quadrat der Bildschirmpixel, das Gitternetz der Stadtplanung ...... \"Das Gitternetz\", die h\u00e4ufigste Einheit im Leben, ist unbedeutend, aber allumfassend. Wir erschaffen Raster, wir sind an Raster gebunden und wir springen aus Raster heraus. Es tr\u00e4gt die Spuren der Zeit und der individuellen Erfahrung in sich, n\u00e4hrt aber auch das Unbekannte und die Phantasie. Unter dem Thema \"Gitter\" versammelt dieses Buch die Meisterwerke Dutzender ber\u00fchmter Autoren wie Wang Min'an, Linzhao, Liaojing usw. und umfasst verwandte Werke des deutschen Denkers Han Byung-chul, des italienischen Schriftstellers Ferrante sowie die Werke ber\u00fchmter in- und ausl\u00e4ndischer K\u00fcnstler wie Damien Hirst, Louise Bourgeois, Agnes Martin, I am White usw. Das Buch ist eine Sammlung von Kunstwerken, Romanen, Gedichten, Comics und anderen Werken. Verschiedene Genres wie Kritik, Belletristik, Poesie und Comics sind miteinander verwoben, dazwischen liegen Text und Bilder, die die M\u00f6glichkeiten des immer gr\u00f6\u00dfer werdenden \"Rasters\" demonstrieren. Die Themen des Buches reichen vom \"Qizhen Grid\" und der \"Floating World Painting\" \u00fcber Smartphones und KI-Algorithmen bis hin zu Chroniken der Epidemiejahre und dem Schreiben von Frauen. Sie decken ein breites Spektrum von Themen ab, die den Menschen von heute besch\u00e4ftigen, und bieten eine neue Perspektive auf die Welt und das Selbst. Dies ist ein Abenteuer des Pendelns zwischen den Gittern, eine Reise der \u00c4sthetik und des Intellekts.<\/p>","protected":false},"excerpt":{"rendered":"<p>\u6700\u53d7\u6b22\u8fce\u7684\u4e2d\u6587\u64ad\u5ba2\u4e4b\u4e00\u201c\u968f\u673a\u6ce2\u52a8\u201d\u9996\u90e8\u539f\u521b\u4f5c\u54c1 \u4ece\u201c\u683c\u201d\u7684\u6982\u5ff5\u51fa\u53d1\uff0c\u6253\u5f00\u60f3\u8c61\u4e0e\u601d\u8003\u7684\u8fb9\u754c \u9080\u8bf7\u6c6a\u6c11\u5b89\u3001\u6797\u68f9\u3001\u8fbd [&hellip;]<\/p>\n","protected":false},"featured_media":25020,"template":"","meta":{"advanced_seo_description":"","jetpack_seo_html_title":"","jetpack_seo_noindex":false,"jetpack_post_was_ever_published":false},"product_brand":[],"product_cat":[132641,132651,132663,132886,133129,133482,133484],"product_tag":[],"class_list":{"0":"post-16455","1":"product","2":"type-product","3":"status-publish","4":"has-post-thumbnail","6":"product_cat-132641","7":"product_cat-132651","8":"product_cat-132663","9":"product_cat-132886","10":"product_cat-133129","11":"product_cat-133482","12":"product_cat-133484","14":"first","15":"instock","16":"taxable","17":"shipping-taxable","18":"purchasable","19":"product-type-simple"},"exclude_global_add_ons":[],"addons":[],"jetpack_sharing_enabled":true,"_links":{"self":[{"href":"https:\/\/bobobooks.de\/de\/wp-json\/wp\/v2\/product\/16455","targetHints":{"allow":["GET"]}}],"collection":[{"href":"https:\/\/bobobooks.de\/de\/wp-json\/wp\/v2\/product"}],"about":[{"href":"https:\/\/bobobooks.de\/de\/wp-json\/wp\/v2\/types\/product"}],"version-history":[{"count":8,"href":"https:\/\/bobobooks.de\/de\/wp-json\/wp\/v2\/product\/16455\/revisions"}],"predecessor-version":[{"id":25019,"href":"https:\/\/bobobooks.de\/de\/wp-json\/wp\/v2\/product\/16455\/revisions\/25019"}],"wp:featuredmedia":[{"embeddable":true,"href":"https:\/\/bobobooks.de\/de\/wp-json\/wp\/v2\/media\/25020"}],"wp:attachment":[{"href":"https:\/\/bobobooks.de\/de\/wp-json\/wp\/v2\/media?parent=16455"}],"wp:term":[{"taxonomy":"product_brand","embeddable":true,"href":"https:\/\/bobobooks.de\/de\/wp-json\/wp\/v2\/product_brand?post=16455"},{"taxonomy":"product_cat","embeddable":true,"href":"https:\/\/bobobooks.de\/de\/wp-json\/wp\/v2\/product_cat?post=16455"},{"taxonomy":"product_tag","embeddable":true,"href":"https:\/\/bobobooks.de\/de\/wp-json\/wp\/v2\/product_tag?post=16455"}],"curies":[{"name":"wp","href":"https:\/\/api.w.org\/{rel}","templated":true}]}}