{"id":16259,"date":"2023-12-30T09:06:59","date_gmt":"2023-12-30T08:06:59","guid":{"rendered":"https:\/\/bobobooks.de\/shop\/%e7%bb%b4%e7%b1%b3%e5%b0%94%e7%9a%84%e5%b8%bd%e5%ad%90\/"},"modified":"2026-01-01T16:24:02","modified_gmt":"2026-01-01T15:24:02","slug":"der-hut-von-vermeer","status":"publish","type":"product","link":"https:\/\/bobobooks.de\/de\/wei_mi_er_de_mao_zi\/","title":{"rendered":"Der Hut von Vermeer."},"content":{"rendered":"<p>1976 bargen Arch\u00e4ologen das Wrack eines Schiffes aus den Gew\u00e4ssern vor St. Helena im Atlantik, in dem sie eine Sammlung von Porzellan aus der Ming-Dynastie fanden. Diese alte Porzellangeschichte reicht vierhundert Jahre zur\u00fcck, als die Niederl\u00e4nder in Nordamerika Biberpelze als H\u00fcte trugen und Tausende von Meilen per Schiff nach Asien reisten, um mit Potosi-Silber aus chinesischer Hand eine gro\u00dfe Anzahl von Seide, Tee und Porzellan zu kaufen, die zum Verkauf nach Europa zur\u00fcckgeschickt wurden. Eines der Frachtschiffe wurde in der Seeschlacht versenkt, so dass das Porzellan \u00fcber die alten und modernen, das Licht der Welt zu sehen sein kann.<\/p>\n<p>Auch sieben \u00d6lgem\u00e4lde und ein Porzellanteller aus den Niederlanden spannen den Bogen von der Vergangenheit zur Gegenwart und halten die Geschichte lebendig. In diesem Buch geht der renommierte Sinologe Bu Zhengmin von den Details dieser Kunstwerke aus und nimmt die in den Werken von K\u00fcnstlern wie Vermeer dargestellten Gegenst\u00e4nde wie H\u00fcte, Silberm\u00fcnzen und Pfeifen sowie deren Umlauf als Anhaltspunkte, um herauszufinden, wie sich die Welt im 17. Jahrhundert, angetrieben durch die Welle des Handels, allm\u00e4hlich von der Isolation zum Kontakt bewegte und dann zu einem Netzwerk des Austauschs verband. Zu Beginn der Globalisierung begannen Kulturen, die sich nicht kannten, aufeinander zu treffen, zu kollidieren und zu verschmelzen.<\/p>\n<p>Jungmin Bu ist ein wunderbarer Gelehrter, und dieses Buch beginnt mit einigen Gem\u00e4lden des niederl\u00e4ndischen Malers Vermeer, behandelt Delft und den globalen Handel in den Niederlanden im sechzehnten und siebzehnten Jahrhundert, die Wende der Ming- und Qing-Dynastien an der Wende dieser beiden Jahrhunderte, die K\u00e4lte und die Pest in China, die Ankunft der Missionare in Ostasien und auch die asiatischen Operationen der Niederl\u00e4ndischen Ostindien-Kompanie, die Ankunft der Niederl\u00e4nder in Asien von der See aus, und spricht sogar dar\u00fcber, wie das \"Ph\u00e4nomen der globalen Mobilit\u00e4t ihr [niederl\u00e4ndisches] Weltbild neu definierte und auch ihre Welt erweiterte\". Vermeers Gem\u00e4lde mag nur eine Einf\u00fchrung oder ein Symbol sein, aber durch dieses kleine Gem\u00e4lde tritt allm\u00e4hlich eine gro\u00dfe Weltgeschichte in den Vordergrund.<\/p>","protected":false},"excerpt":{"rendered":"<p>1976\u5e74\uff0c\u8003\u53e4\u5b66\u5bb6\u4ece\u5927\u897f\u6d0b\u5723\u8d6b\u52d2\u62ff\u5c9b\u9644\u8fd1\u7684\u6d77\u57df\u6253\u635e\u4e0a\u6765\u4e00\u8258\u6c89\u8239\u7684\u6b8b\u9ab8\uff0c\u5728\u5176\u4e2d\u53d1\u73b0\u4e86\u4e00\u6279\u660e\u4ee3\u7684\u74f7\u5668\u3002\u8fd9\u4e9b\u53e4\u74f7\u7684 [&hellip;]<\/p>\n","protected":false},"featured_media":26112,"template":"","meta":{"advanced_seo_description":"","jetpack_seo_html_title":"","jetpack_seo_noindex":false,"jetpack_post_was_ever_published":false},"product_brand":[],"product_cat":[132711,132730],"product_tag":[],"class_list":{"0":"post-16259","1":"product","2":"type-product","3":"status-publish","4":"has-post-thumbnail","6":"product_cat-132711","7":"product_cat-132730","9":"first","10":"instock","11":"taxable","12":"shipping-taxable","13":"purchasable","14":"product-type-simple"},"exclude_global_add_ons":[],"addons":[],"jetpack_sharing_enabled":true,"_links":{"self":[{"href":"https:\/\/bobobooks.de\/de\/wp-json\/wp\/v2\/product\/16259","targetHints":{"allow":["GET"]}}],"collection":[{"href":"https:\/\/bobobooks.de\/de\/wp-json\/wp\/v2\/product"}],"about":[{"href":"https:\/\/bobobooks.de\/de\/wp-json\/wp\/v2\/types\/product"}],"version-history":[{"count":3,"href":"https:\/\/bobobooks.de\/de\/wp-json\/wp\/v2\/product\/16259\/revisions"}],"predecessor-version":[{"id":16651,"href":"https:\/\/bobobooks.de\/de\/wp-json\/wp\/v2\/product\/16259\/revisions\/16651"}],"wp:featuredmedia":[{"embeddable":true,"href":"https:\/\/bobobooks.de\/de\/wp-json\/wp\/v2\/media\/26112"}],"wp:attachment":[{"href":"https:\/\/bobobooks.de\/de\/wp-json\/wp\/v2\/media?parent=16259"}],"wp:term":[{"taxonomy":"product_brand","embeddable":true,"href":"https:\/\/bobobooks.de\/de\/wp-json\/wp\/v2\/product_brand?post=16259"},{"taxonomy":"product_cat","embeddable":true,"href":"https:\/\/bobobooks.de\/de\/wp-json\/wp\/v2\/product_cat?post=16259"},{"taxonomy":"product_tag","embeddable":true,"href":"https:\/\/bobobooks.de\/de\/wp-json\/wp\/v2\/product_tag?post=16259"}],"curies":[{"name":"wp","href":"https:\/\/api.w.org\/{rel}","templated":true}]}}