{"id":16247,"date":"2023-12-30T09:06:57","date_gmt":"2023-12-30T08:06:57","guid":{"rendered":"https:\/\/bobobooks.de\/shop\/%e5%b8%a6%e5%a3%b3%e7%9a%84%e7%89%a1%e8%9b%8e%e6%98%af%e5%a4%a7%e4%ba%ba%e7%9a%84%e5%bf%83%e8%84%8f\/"},"modified":"2026-03-23T23:19:47","modified_gmt":"2026-03-23T22:19:47","slug":"austern-in-der-schale-sind-das-herz-eines-erwachsenen","status":"publish","type":"product","link":"https:\/\/bobobooks.de\/de\/dai_ke_de_mu_li_shi_da_ren_de_xin_zang\/","title":{"rendered":"Austern in der Schale sind das Herz eines Erwachsenen."},"content":{"rendered":"<p>\u25c6Super beliebte Karikaturist vorgeschlagen Schlamm Ninis erste Sammlung von Werken, warm kommen! Pinsel Bildschirm Microblogging, \u00f6ffentliche Zahl, kleine rote Buch und andere soziale Medien, das gesamte Netzwerk lesen mehr als 5 Millionen +!<\/p>\n<p>\u25c6Wenn Sie verletzlich sind, lesen Sie einfach den vorgeschlagenen Schlamm nini! Eine bonbonfarbene Comic-Interpretation von Sorgen und Trauer aus der realen Welt, eine tr\u00f6stende Umarmung f\u00fcr Erwachsene, die einen Regentag erleben. Nehmt alle Masken und Lasten ab und gebt den Erwachsenen das Recht zur\u00fcck, verletzlich zu sein.<\/p>\n<p>Manchmal sind wir in der einen Minute noch Kinder, in der n\u00e4chsten aber schon erwachsen. Wenn wir merken, dass wir eines Tages vor der Welt nur noch h\u00f6flich l\u00e4cheln, nicht mehr weinen und nicht mehr die Fassung verlieren k\u00f6nnen, wird uns klar, dass dieses beruhigende Gef\u00fchl \"Erwachsenwerden\" hei\u00dft.<\/p>\n<p>Es ist okay, zu schr\u00e4g zu sein, es ist okay, weniger als perfekt zu sein und es wert, geliebt zu werden! Vergiss inmitten des zyklischen Chaos und der M\u00fcdigkeit nicht den Sinn des Lebens selbst, und sei derjenige, der leuchtet, um die Menschen und Dinge zu sch\u00fctzen, die du liebst.<\/p>\n<p>\u25c6 Das Leben ist hart, ich w\u00fcnsche dir Gl\u00fcck! Wenn du m\u00fcde bist, mach ein Nickerchen, wenn du nicht in Stimmung bist, iss etwas S\u00fc\u00dfes, und wenn du verletzlich bist, geh zu den Blumen. Die sogenannten Erwachsenen sind weiche Austern in harten Schalen. Ninis Comics sind wie OK-Verb\u00e4nde auf Wunden. Es ist dein Leben, w\u00e4hle es so, wie es dir gef\u00e4llt!<\/p>\n<p>\u25c6 Was wir mit der Zeit machen, ehrt die Zeit. Das Erwachsenwerden ist ein langer Prozess, der Verletzlichkeit zul\u00e4sst und Geduld und Mut erfordert! Geben Sie den Erwachsenen, die ihre Gef\u00fchle immer verstecken und gezwungen sind, erwachsen zu werden, den Mut, ihre harte Schale abzulegen, f\u00fcr eine kurze Zeit \"der Realit\u00e4t zu entfliehen\" und zu dem Punkt zur\u00fcckzukehren, von dem wir ausgegangen sind.<\/p>\n<p>312 Seiten voller herzerw\u00e4rmender Geschichten, von denen jede einzelne heilsam ist! Eine Sammlung des langen Meisterwerks \"Die Auster mit der Schale ist das Herz der Erwachsenen\", der beliebten Serie \"Sonnenblumengarten\" mit einem besonderen Ende und sogar 17 warme Kurzgeschichten, von denen 4 neu geschaffen und erstmals ver\u00f6ffentlicht wurden. Von niedlichen und warmen Geschichten bis hin zur m\u00fcden und hilflosen Realit\u00e4t enth\u00e4lt die Sammlung einige Aufzeichnungen \u00fcber Liebe und Tr\u00e4ume, einige Selbstheilungen nach Br\u00fcchen, einige kleine Reflexionen \u00fcber Schicksal und Hoffnung und sogar einen mutigen R\u00fcckblick auf das t\u00e4gliche Leben.<\/p>\n<p>\u25c6Kleines Format &amp; gro\u00dfe Farbe! Vollfarbiger Druck, 180 Grad flach lesbar, perfekte Farbpr\u00e4sentation. Sie k\u00f6nnen es mit sich tragen und mit der Hand lesen, das ist herzerw\u00e4rmend und zu Tr\u00e4nen r\u00fchrend!<\/p>","protected":false},"excerpt":{"rendered":"<p>\u25c6\u8d85\u4eba\u6c14\u6f2b\u753b\u5bb6\u62df\u6ce5nini\u9996\u90e8\u4f5c\u54c1\u96c6\u7ed3\uff0c\u6e29\u6696\u6765\u88ad\uff01\u5237\u5c4f\u5fae\u535a\u3001\u516c\u4f17\u53f7\u3001\u5c0f\u7ea2\u4e66\u7b49\u793e\u4ea4\u5a92\u4f53\uff0c\u5168\u7f51\u9605\u8bfb\u91cf\u8d85500\u4e07+\uff01 [&hellip;]<\/p>\n","protected":false},"featured_media":24960,"template":"","meta":{"advanced_seo_description":"","jetpack_seo_html_title":"","jetpack_seo_noindex":false,"jetpack_post_was_ever_published":false},"product_brand":[],"product_cat":[132663,132721,132779,132903,132905],"product_tag":[],"class_list":{"0":"post-16247","1":"product","2":"type-product","3":"status-publish","4":"has-post-thumbnail","6":"product_cat-132663","7":"product_cat-132721","8":"product_cat-132779","9":"product_cat-132903","10":"product_cat-132905","12":"first","13":"instock","14":"taxable","15":"shipping-taxable","16":"purchasable","17":"product-type-simple"},"exclude_global_add_ons":[],"addons":[],"jetpack_sharing_enabled":true,"_links":{"self":[{"href":"https:\/\/bobobooks.de\/de\/wp-json\/wp\/v2\/product\/16247","targetHints":{"allow":["GET"]}}],"collection":[{"href":"https:\/\/bobobooks.de\/de\/wp-json\/wp\/v2\/product"}],"about":[{"href":"https:\/\/bobobooks.de\/de\/wp-json\/wp\/v2\/types\/product"}],"version-history":[{"count":3,"href":"https:\/\/bobobooks.de\/de\/wp-json\/wp\/v2\/product\/16247\/revisions"}],"predecessor-version":[{"id":16397,"href":"https:\/\/bobobooks.de\/de\/wp-json\/wp\/v2\/product\/16247\/revisions\/16397"}],"wp:featuredmedia":[{"embeddable":true,"href":"https:\/\/bobobooks.de\/de\/wp-json\/wp\/v2\/media\/24960"}],"wp:attachment":[{"href":"https:\/\/bobobooks.de\/de\/wp-json\/wp\/v2\/media?parent=16247"}],"wp:term":[{"taxonomy":"product_brand","embeddable":true,"href":"https:\/\/bobobooks.de\/de\/wp-json\/wp\/v2\/product_brand?post=16247"},{"taxonomy":"product_cat","embeddable":true,"href":"https:\/\/bobobooks.de\/de\/wp-json\/wp\/v2\/product_cat?post=16247"},{"taxonomy":"product_tag","embeddable":true,"href":"https:\/\/bobobooks.de\/de\/wp-json\/wp\/v2\/product_tag?post=16247"}],"curies":[{"name":"wp","href":"https:\/\/api.w.org\/{rel}","templated":true}]}}