{"id":16085,"date":"2023-12-22T20:00:21","date_gmt":"2023-12-22T19:00:21","guid":{"rendered":"https:\/\/bobobooks.de\/?post_type=product&#038;p=16085"},"modified":"2026-03-23T23:10:58","modified_gmt":"2026-03-23T22:10:58","slug":"frosche","status":"publish","type":"product","link":"https:\/\/bobobooks.de\/de\/wa\/","title":{"rendered":"Fr\u00f6sche (\u00fcberarbeitet und aktualisiert)"},"content":{"rendered":"<p>Eines der bekanntesten Werke von Mo Yan, dem Literaturnobelpreistr\u00e4ger von 2012.<\/p>\n<p>Das achte mit dem Mao-Dun-Literaturpreis ausgezeichnete Werk, von dem mehr als 5 Millionen Exemplare verkauft wurden, ist das Meisterwerk.<\/p>\n<p>Ausgew\u00e4hlt von Southern Weekend als \"Culture Original List Annual Book Fiction Tribute Work\" f\u00fcr das Jahr 2009.<\/p>\n<p>Dieses Buch ist den Millionen von Lesern gewidmet, die Planned Parenthood erlebt haben und w\u00e4hrend der Jahre von Planned Parenthood geboren wurden.<\/p>\n<p>Nach mehr als zehn Jahren Arbeit, vier Jahren des Schreibens und drei Entw\u00fcrfen hat Mo Yan ein abendf\u00fcllendes Meisterwerk geschaffen, das den schmerzlichsten Teil der Seele der Nation ber\u00fchrt.<\/p>\n<p>Es zeigt die chaotische Szene zum Thema Geburt im heutigen China auf und analysiert die bescheidene, peinliche, verwickelte und widerspr\u00fcchliche Seelenwelt der chinesischen Intellektuellen, die durch den Erz\u00e4hler Tadpole dargestellt wird.<\/p>\n<p>Wenn andere ges\u00fcndigt haben, habe auch ich ges\u00fcndigt; ich denke \u00fcber den Schmerz der Geschichte nach und zeige Respekt und Mitgef\u00fchl f\u00fcr das Leben.<\/p>\n<p>---------- ---------- ----<\/p>\n<p>Fr\u00f6sche ist Mo Yans langes und schmerzhaftes Werk, das den Millionen von Chinesen gewidmet ist, die von der Familienplanung betroffen waren und in der Zeit der Familienplanung geboren wurden. Das Werk wurde mit dem 8. Mao-Dun-Literaturpreis ausgezeichnet und hat sich inzwischen mehr als 5 Millionen Mal verkauft. Der Roman besteht aus vier langen Briefen des Dramatikers Tadpole an den japanischen Schriftsteller Yoshihito Sugitani, der Autobiografie von \"I\" und einem Theaterst\u00fcck, das das Leben und den Tod von \"I\"'s Tante Wanxin erz\u00e4hlt, einer Dorf\u00e4rztin, die seit mehr als f\u00fcnfzig Jahren Geburtshilfe und Gyn\u00e4kologie praktiziert. Der Roman erz\u00e4hlt die Geschichte meiner Tante Wan Xin, einer Land\u00e4rztin, die seit mehr als f\u00fcnfzig Jahren in der Geburtshilfe und Gyn\u00e4kologie t\u00e4tig ist, und schildert die Sorgen und Freuden, das Gl\u00fcck und die Freuden, den Gewinn und den Verlust, die die Geburt f\u00fcr die Menschen im Rahmen der Familienplanungspolitik mit sich gebracht hat. Mit lebendigen und anr\u00fchrenden Details und Selbstreflexion zeigt der Roman die H\u00f6hen und Tiefen der sechzigj\u00e4hrigen \"Fruchtbarkeitsgeschichte\" des neuen China, entlarvt die chaotische Szene der Fruchtbarkeitsfrage und analysiert gleichzeitig die bescheidenen, peinlichen, verstrickten und widerspr\u00fcchlichen Seelen der Intellektuellen, die durch den Erz\u00e4hler Tadpole repr\u00e4sentiert werden.<\/p>\n<p>\"Viele Leute haben mich gefragt: Worum geht es in diesem Roman? Ich sagte: \"Schreiben Sie \u00fcber Menschen, schreiben Sie \u00fcber die Lebensgeschichte einer Frauen\u00e4rztin auf dem Lande, die seit mehr als f\u00fcnfzig Jahren als \u00c4rztin praktiziert, \u00fcber ihre Sorgen und Freuden, ihre tiefsten Konflikte, ihre Reflexionen und Bekenntnisse, ihre Gr\u00f6\u00dfe und Gro\u00dfz\u00fcgigkeit, ihre Bescheidenheit und Beschr\u00e4nktheit. Schreiben Sie \u00fcber ihre Harmonie und ihren Konflikt mit der Zeit, \u00fcber die Konfrontation und die Einheit zwischen ihrer Berufsethik und den Aufgaben der Zeit. Schreiben Sie \u00fcber das, was eine Person zu sein scheint, aber in Wirklichkeit eine Gruppe von Menschen ist.\" --Mo Yan<\/p>","protected":false},"excerpt":{"rendered":"<p>2012\u5e74\u8bfa\u8d1d\u5c14\u6587\u5b66\u5956\u5f97\u4e3b\u83ab\u8a00\u855e\u8457\u540d\u7684\u4f5c\u54c1\u4e4b\u4e00\u3002 \u7b2c\u516b\u5c4a\u8305\u76fe\u6587\u5b66\u5956\u83b7\u5956\u4f5c\u54c1\uff0c\u7545\u9500500\u4f59\u4e07\u518c\u7684\u625b\u9f0e\u4e4b\u4f5c\u3002 \u88ab\u300a [&hellip;]<\/p>\n","protected":false},"featured_media":26342,"template":"","meta":{"advanced_seo_description":"","jetpack_seo_html_title":"","jetpack_seo_noindex":false,"jetpack_post_was_ever_published":false},"product_brand":[],"product_cat":[132922,132924],"product_tag":[],"class_list":{"0":"post-16085","1":"product","2":"type-product","3":"status-publish","4":"has-post-thumbnail","6":"product_cat-132922","7":"product_cat-132924","9":"first","10":"instock","11":"taxable","12":"shipping-taxable","13":"purchasable","14":"product-type-simple"},"exclude_global_add_ons":[],"addons":[],"jetpack_sharing_enabled":true,"_links":{"self":[{"href":"https:\/\/bobobooks.de\/de\/wp-json\/wp\/v2\/product\/16085","targetHints":{"allow":["GET"]}}],"collection":[{"href":"https:\/\/bobobooks.de\/de\/wp-json\/wp\/v2\/product"}],"about":[{"href":"https:\/\/bobobooks.de\/de\/wp-json\/wp\/v2\/types\/product"}],"version-history":[{"count":3,"href":"https:\/\/bobobooks.de\/de\/wp-json\/wp\/v2\/product\/16085\/revisions"}],"predecessor-version":[{"id":16502,"href":"https:\/\/bobobooks.de\/de\/wp-json\/wp\/v2\/product\/16085\/revisions\/16502"}],"wp:featuredmedia":[{"embeddable":true,"href":"https:\/\/bobobooks.de\/de\/wp-json\/wp\/v2\/media\/26342"}],"wp:attachment":[{"href":"https:\/\/bobobooks.de\/de\/wp-json\/wp\/v2\/media?parent=16085"}],"wp:term":[{"taxonomy":"product_brand","embeddable":true,"href":"https:\/\/bobobooks.de\/de\/wp-json\/wp\/v2\/product_brand?post=16085"},{"taxonomy":"product_cat","embeddable":true,"href":"https:\/\/bobobooks.de\/de\/wp-json\/wp\/v2\/product_cat?post=16085"},{"taxonomy":"product_tag","embeddable":true,"href":"https:\/\/bobobooks.de\/de\/wp-json\/wp\/v2\/product_tag?post=16085"}],"curies":[{"name":"wp","href":"https:\/\/api.w.org\/{rel}","templated":true}]}}