{"id":16051,"date":"2023-12-16T13:04:43","date_gmt":"2023-12-16T12:04:43","guid":{"rendered":"https:\/\/bobobooks.de\/?post_type=product&#038;p=16051"},"modified":"2026-01-01T16:23:49","modified_gmt":"2026-01-01T15:23:49","slug":"witze","status":"publish","type":"product","link":"https:\/\/bobobooks.de\/de\/wan_xiao\/","title":{"rendered":"Witze"},"content":{"rendered":"<p>* :: Kunderas erster abendf\u00fcllender Roman<\/p>\n<p>* :: Die Farce eines Lebens, das als Witz begann und als Abf\u00fchrmittel endete<\/p>\n<p>* :: \"Ich lache nicht gerne, ich bringe lieber andere zum Lachen als selbst zu lachen.\"<\/p>\n<p>Individuell gestaltete Milan-Kundera-Aufkleber liegen dem Buch bei<\/p>\n<p>Erstellen Sie Ihre eigene, einzigartige und pers\u00f6nliche Kundera-Anthologie!<\/p>\n<p>Der junge Student Ludovic wird aus der Partei ausgeschlossen und zur Zwangsarbeit in ein Bergwerk geschickt, weil er ein paar Witze auf eine Postkarte an einen Freund geschrieben hat. W\u00e4hrend seines Dienstes verliebt er sich in Lucie, ein ehrliches und best\u00e4ndiges M\u00e4dchen, und sieht in ihr einen Wegweiser f\u00fcr sein dunkles Leben. Lucie zeigt jedoch starke Ablehnung und Widerstand gegen die weitere Entwicklung ihrer Beziehung, was Ludovic w\u00fctend macht, der nicht wei\u00df, was los ist, und schlie\u00dflich vertreibt Ludovic Lucie mit einer Ohrfeige vollst\u00e4ndig aus seinem Leben. F\u00fcnfzehn Jahre sp\u00e4ter kehrt der freie Ludovic in seine Heimatstadt zur\u00fcck und trifft auf Lucie, die inzwischen Friseurin geworden ist und ihn nicht mehr wiedererkennt. Um sich an Zemanek zu r\u00e4chen, der ihn aus der Partei ausgeschlossen hat, verf\u00fchrt Ludovic dessen Frau Elena, erf\u00e4hrt dann aber, dass Elenas Ehe mit ihrem Mann schon lange nicht mehr besteht. ......<\/p>\n<p>-<\/p>\n<p>Als \"Der Witz\" in der Tschechoslowakei erschien, wurden innerhalb weniger Monate 17.000 Exemplare verkauft, eine beachtliche Zahl f\u00fcr ein Land mit weniger als 15 Millionen Einwohnern. Die anschlie\u00dfende Ver\u00f6ffentlichung in Frankreich war ebenfalls ein gro\u00dfer Erfolg, und Kunderas Status als literarische Pers\u00f6nlichkeit war gesichert.<\/p>\n<p>Den Titel des Buches erkl\u00e4rte Kundera einmal 1968 in einem Interview mit einem franz\u00f6sischen Fernsehsender: \"Der Witz, das ist ein konkreter Witz - eine Postkarte - und verweist auch auf den tragischen und l\u00e4cherlichen Charakter der Geschichte. Wir erleben einen gro\u00dfen Witz der Geschichte. Ich dachte immer, ich h\u00e4tte einen Liebesroman geschrieben. Leider wird das Buch, vor allem im Ausland, als politischer Roman gesehen. Das stimmt \u00fcberhaupt nicht, aber nat\u00fcrlich ist diese Art von Liebesroman von den historischen Bedingungen diktiert, die meiner Meinung nach einzigartig und beispiellos waren und neue Fragen aufwarfen.\"<\/p>","protected":false},"excerpt":{"rendered":"<p>* \u6606\u5fb7\u62c9\u9996\u90e8\u957f\u7bc7\u5c0f\u8bf4 * \u4e00\u573a\u59cb\u4e8e\u73a9\u7b11\u3001\u7ec8\u4e8e\u6cfb\u836f\u7684\u4eba\u751f\u95f9\u5267 * \u201c\u6211\u4e0d\u592a\u559c\u6b22\u7b11\uff0c\u76f8\u6bd4\u7b11\uff0c\u6211\u66f4\u559c\u6b22\u8ba9\u522b\u4eba\u53d1\u7b11\u201d [&hellip;]<\/p>\n","protected":false},"featured_media":26133,"template":"","meta":{"advanced_seo_description":"","jetpack_seo_html_title":"","jetpack_seo_noindex":false,"jetpack_post_was_ever_published":false},"product_brand":[],"product_cat":[132931,132935],"product_tag":[],"class_list":{"0":"post-16051","1":"product","2":"type-product","3":"status-publish","4":"has-post-thumbnail","6":"product_cat-132931","7":"product_cat-132935","9":"first","10":"instock","11":"taxable","12":"shipping-taxable","13":"purchasable","14":"product-type-simple"},"exclude_global_add_ons":[],"addons":[],"jetpack_sharing_enabled":true,"_links":{"self":[{"href":"https:\/\/bobobooks.de\/de\/wp-json\/wp\/v2\/product\/16051","targetHints":{"allow":["GET"]}}],"collection":[{"href":"https:\/\/bobobooks.de\/de\/wp-json\/wp\/v2\/product"}],"about":[{"href":"https:\/\/bobobooks.de\/de\/wp-json\/wp\/v2\/types\/product"}],"version-history":[{"count":3,"href":"https:\/\/bobobooks.de\/de\/wp-json\/wp\/v2\/product\/16051\/revisions"}],"predecessor-version":[{"id":16574,"href":"https:\/\/bobobooks.de\/de\/wp-json\/wp\/v2\/product\/16051\/revisions\/16574"}],"wp:featuredmedia":[{"embeddable":true,"href":"https:\/\/bobobooks.de\/de\/wp-json\/wp\/v2\/media\/26133"}],"wp:attachment":[{"href":"https:\/\/bobobooks.de\/de\/wp-json\/wp\/v2\/media?parent=16051"}],"wp:term":[{"taxonomy":"product_brand","embeddable":true,"href":"https:\/\/bobobooks.de\/de\/wp-json\/wp\/v2\/product_brand?post=16051"},{"taxonomy":"product_cat","embeddable":true,"href":"https:\/\/bobobooks.de\/de\/wp-json\/wp\/v2\/product_cat?post=16051"},{"taxonomy":"product_tag","embeddable":true,"href":"https:\/\/bobobooks.de\/de\/wp-json\/wp\/v2\/product_tag?post=16051"}],"curies":[{"name":"wp","href":"https:\/\/api.w.org\/{rel}","templated":true}]}}