{"id":13028,"date":"2023-06-22T01:20:29","date_gmt":"2023-06-21T23:20:29","guid":{"rendered":"https:\/\/bobobooks.de\/?post_type=product&#038;p=13028"},"modified":"2026-03-23T23:09:03","modified_gmt":"2026-03-23T22:09:03","slug":"jemand-muss-die-liebe-neu-schreiben","status":"publish","type":"product","link":"https:\/\/bobobooks.de\/de\/bi_you_ren_chong_xie_ai_qing\/","title":{"rendered":"Jemand muss die Liebe neu schreiben."},"content":{"rendered":"<p>Someone Must Rewrite Love ist eine Anthologie mit 46 klassischen Gedichten und Essays des renommierten Dichters Bei Dao, die die ganze Bandbreite von Bei Daos Kreativit\u00e4t als Dichter, Essayist, Maler und Fotograf zeigt. Die Anordnung \"ein Gedicht und ein Essay\" ist wie eine Fortf\u00fchrung der Tradition des chinesischen poetischen Diskurses. Von \"Erinnerung an den Sturm\" \u00fcber \"Das Exil der Worte\" bis hin zu \"Das Buch der Erde\" zeichnen die drei Gedicht- und Essayreihen ein vollst\u00e4ndiges Bild der Reise des Dichters von der Kindheit bis in die Gegenwart und spiegeln die turbulente Landschaft der zweiten H\u00e4lfte des 20. Die drei Gedichtsammlungen zeigen den Lebensweg des Dichters von der Kindheit bis zur Gegenwart und spiegeln die turbulente Landschaft der zweiten H\u00e4lfte des 20. Jahrhunderts wider.<\/p>\n<p>\"Ich bin in einem gro\u00dfen Ged\u00e4chtnis besch\u00e4ftigt.\" Bei Daos Poesie ist das kollektive Ged\u00e4chtnis und der geistige Spiegel einer Generation. Ich und die Epoche, das andere Land und die Heimatstadt, die Geschichte und die Wirklichkeit, in allen m\u00f6glichen Paradoxien und Br\u00fcchen, zwischen Aufbruch und Ankunft, Bei Dao macht Worte zur Geschichte. Bei Daos Prosa ist einfach, klar und interessant: Von Allen Ginsbergs New York bis zu Kafkas Prag, von Arafats Ramallah bis zu Lorcas Spanien trifft er auf seinen Wanderungen durch die Welt Dichter und Gelehrte verschiedener Identit\u00e4ten, und was er sieht und h\u00f6rt, ist lebendig und aufregend; er erinnert sich auch an seine jugendliche Vergangenheit, an Freunde und Verwandte, und starke Nostalgie und scharfer Schmerz kommen oft unangek\u00fcndigt zu ihm. Die Feder des Dichters schreibt Prosa, die den Reichtum, die Sensibilit\u00e4t und die Frische der chinesischen Sprache wiederherstellt. Das Buch enth\u00e4lt auch eine Reihe von Gem\u00e4lden und Fotografien von Bei Dao, eine weitere Sprache, die er au\u00dferhalb des geschriebenen Wortes gefunden hat.<\/p>","protected":false},"excerpt":{"rendered":"<p>\u300a\u5fc5\u6709\u4eba\u91cd\u5199\u7231\u60c5\u300b\u662f\u8457\u540d\u8bd7\u4eba\u5317\u5c9b\u7684\u4f5c\u54c1\u7cbe\u9009\u96c6\uff0c46\u7bc7\u7ecf\u5178\u8bd7\u6b4c\u4e0e\u6563\u6587\u4f5c\u54c1\uff0c\u5448\u73b0\u8bd7\u4eba\u3001\u6563\u6587\u5bb6\u3001\u753b\u8005\u3001\u6444\u5f71\u8005\u5317\u5c9b\u7684\u521b [&hellip;]<\/p>\n","protected":false},"featured_media":24773,"template":"","meta":{"advanced_seo_description":"","jetpack_seo_html_title":"","jetpack_seo_noindex":false,"jetpack_post_was_ever_published":false},"product_brand":[],"product_cat":[132641,133124],"product_tag":[],"class_list":{"0":"post-13028","1":"product","2":"type-product","3":"status-publish","4":"has-post-thumbnail","6":"product_cat-132641","7":"product_cat-133124","9":"first","10":"instock","11":"taxable","12":"shipping-taxable","13":"purchasable","14":"product-type-simple"},"exclude_global_add_ons":[],"addons":[],"jetpack_sharing_enabled":true,"_links":{"self":[{"href":"https:\/\/bobobooks.de\/de\/wp-json\/wp\/v2\/product\/13028","targetHints":{"allow":["GET"]}}],"collection":[{"href":"https:\/\/bobobooks.de\/de\/wp-json\/wp\/v2\/product"}],"about":[{"href":"https:\/\/bobobooks.de\/de\/wp-json\/wp\/v2\/types\/product"}],"version-history":[{"count":3,"href":"https:\/\/bobobooks.de\/de\/wp-json\/wp\/v2\/product\/13028\/revisions"}],"predecessor-version":[{"id":14593,"href":"https:\/\/bobobooks.de\/de\/wp-json\/wp\/v2\/product\/13028\/revisions\/14593"}],"wp:featuredmedia":[{"embeddable":true,"href":"https:\/\/bobobooks.de\/de\/wp-json\/wp\/v2\/media\/24773"}],"wp:attachment":[{"href":"https:\/\/bobobooks.de\/de\/wp-json\/wp\/v2\/media?parent=13028"}],"wp:term":[{"taxonomy":"product_brand","embeddable":true,"href":"https:\/\/bobobooks.de\/de\/wp-json\/wp\/v2\/product_brand?post=13028"},{"taxonomy":"product_cat","embeddable":true,"href":"https:\/\/bobobooks.de\/de\/wp-json\/wp\/v2\/product_cat?post=13028"},{"taxonomy":"product_tag","embeddable":true,"href":"https:\/\/bobobooks.de\/de\/wp-json\/wp\/v2\/product_tag?post=13028"}],"curies":[{"name":"wp","href":"https:\/\/api.w.org\/{rel}","templated":true}]}}