{"id":13004,"date":"2023-06-22T01:20:22","date_gmt":"2023-06-21T23:20:22","guid":{"rendered":"https:\/\/bobobooks.de\/?post_type=product&#038;p=13004"},"modified":"2026-01-01T16:23:41","modified_gmt":"2026-01-01T15:23:41","slug":"einsamkeit-ist-faszinierend-eine-auswahl-von-dickinsons-gedichten","status":"publish","type":"product","link":"https:\/\/bobobooks.de\/de\/gu_du_shi_mi_ren_de\/","title":{"rendered":"Einsamkeit ist faszinierend: eine Auswahl von Dickinsons Gedichten"},"content":{"rendered":"<p>Die Einfachheit von Dickinsons urspr\u00fcnglicher Poesie und die Tiefe ihrer Bedeutung machen chinesische \u00dcbersetzungen seiner Gedichte \u00e4u\u00dferst anspruchsvoll. Diese Ausgabe von Dickinsons Gedichten, \u00fcbersetzt von der Pionierin Vikki Huan, folgt dem allgemeinen Trend, die bekanntesten und beliebtesten Gedichte Dickinsons auszuw\u00e4hlen und zu \u00fcbersetzen.<\/p>\n<p>Loneliness is Fascinating (Einsamkeit ist faszinierend) wurde auf der Grundlage von Dickinsons Sammlung Soul Visitors (Seelenbesucher), die 2018 vom Mill Iron Poetry Club ver\u00f6ffentlicht wurde, \u00fcberarbeitet und erweitert und ist zweisprachig mit einer 10.000 W\u00f6rter umfassenden Einf\u00fchrung des Dichters Shen Haobo. W\u00e4hrend die Leser Dickinsons einzigartige \u00e4sthetische Konzepte sch\u00e4tzen lernen, k\u00f6nnen sie auch ein Verst\u00e4ndnis f\u00fcr die poetischen Trends von Dickinsons Zeit gewinnen.<\/p>\n<p>Einsamkeit ist faszinierend\" ist in der ersten Reihe der \"Leuchtenden Frauen\" von Moulin Rouge Classics enthalten. Die f\u00fcnf f\u00fcr diese Sammlung ausgew\u00e4hlten Werke (Little Women, Jane Eyre, A Room of One's Own und Inseparable) sind von gro\u00dfer Bedeutung f\u00fcr die Geschichte der Frauenliteratur. Sie stellen eine historische Linie der Selbstentdeckung, der Bereicherung und des Schaffens von Frauen dar.<\/p>","protected":false},"excerpt":{"rendered":"<p>\u72c4\u91d1\u68ee\u539f\u8bd7\u8bed\u8a00\u7b80\u6d01\u800c\u610f\u4e49\u6df1\u9083\uff0c\u8fd9\u5bf9\u4e8e\u5176\u8bd7\u4f5c\u7684\u4e2d\u6587\u7ffb\u8bd1\u8981\u6c42\u6781\u9ad8\u3002\u672c\u7248\u72c4\u91d1\u68ee\u8bd7\u9009\u7531\u5148\u950b\u8bd7\u4eba\u82c7\u6b22\u7ffb\u8bd1\uff0c\u6574\u4f53\u9075\u5faa\u9009\u8bd1\u72c4 [&hellip;]<\/p>\n","protected":false},"featured_media":25023,"template":"","meta":{"advanced_seo_description":"","jetpack_seo_html_title":"","jetpack_seo_noindex":false,"jetpack_post_was_ever_published":false},"product_brand":[],"product_cat":[132641,133124,133482,133485],"product_tag":[],"class_list":{"0":"post-13004","1":"product","2":"type-product","3":"status-publish","4":"has-post-thumbnail","6":"product_cat-132641","7":"product_cat-133124","8":"product_cat-133482","9":"product_cat-133485","11":"first","12":"instock","13":"taxable","14":"shipping-taxable","15":"purchasable","16":"product-type-simple"},"exclude_global_add_ons":[],"addons":[],"jetpack_sharing_enabled":true,"_links":{"self":[{"href":"https:\/\/bobobooks.de\/de\/wp-json\/wp\/v2\/product\/13004","targetHints":{"allow":["GET"]}}],"collection":[{"href":"https:\/\/bobobooks.de\/de\/wp-json\/wp\/v2\/product"}],"about":[{"href":"https:\/\/bobobooks.de\/de\/wp-json\/wp\/v2\/types\/product"}],"version-history":[{"count":3,"href":"https:\/\/bobobooks.de\/de\/wp-json\/wp\/v2\/product\/13004\/revisions"}],"predecessor-version":[{"id":14916,"href":"https:\/\/bobobooks.de\/de\/wp-json\/wp\/v2\/product\/13004\/revisions\/14916"}],"wp:featuredmedia":[{"embeddable":true,"href":"https:\/\/bobobooks.de\/de\/wp-json\/wp\/v2\/media\/25023"}],"wp:attachment":[{"href":"https:\/\/bobobooks.de\/de\/wp-json\/wp\/v2\/media?parent=13004"}],"wp:term":[{"taxonomy":"product_brand","embeddable":true,"href":"https:\/\/bobobooks.de\/de\/wp-json\/wp\/v2\/product_brand?post=13004"},{"taxonomy":"product_cat","embeddable":true,"href":"https:\/\/bobobooks.de\/de\/wp-json\/wp\/v2\/product_cat?post=13004"},{"taxonomy":"product_tag","embeddable":true,"href":"https:\/\/bobobooks.de\/de\/wp-json\/wp\/v2\/product_tag?post=13004"}],"curies":[{"name":"wp","href":"https:\/\/api.w.org\/{rel}","templated":true}]}}