{"id":12830,"date":"2023-06-03T12:09:12","date_gmt":"2023-06-03T10:09:12","guid":{"rendered":"https:\/\/bobobooks.de\/?post_type=product&#038;p=12830"},"modified":"2026-03-23T23:04:28","modified_gmt":"2026-03-23T22:04:28","slug":"brief-aus-nurnberg","status":"publish","type":"product","link":"https:\/\/bobobooks.de\/de\/niu_lun_bao_de_lai_xin\/","title":{"rendered":"\u7ebd\u4f26\u5821\u6765\u4fe1"},"content":{"rendered":"<p>Thomas Dodd, der Vater des Autors von Briefe aus N\u00fcrnberg, reiste als Rechtsanwalt in die zerst\u00f6rte Stadt N\u00fcrnberg, um an dem beispiellosen Prozess wegen Verbrechen gegen die Menschlichkeit teilzunehmen. Mit seinem scharfen Verstand, insbesondere bei den Vorverhandlungen gegen so ber\u00fcchtigte Nazis wie Hermann G\u00f6ring, Alfred Rosenberg, Albert Speer, Joachim von Ribbentrop, Rudolf Hess und andere, konnte er sich als Mitglied der N\u00fcrnberger Anwaltschaft einen Namen machen. Nach der Verurteilung von Rudolf Hess und anderen ber\u00fcchtigten Nazi-Kriegsverbrechern wurde Thomas schnell zum stellvertretenden Ankl\u00e4ger f\u00fcr die Mission der Vereinigten Staaten.<\/p>\n<p>W\u00e4hrend des f\u00fcnfzehnmonatigen Prozesses schrieb Thomas jede Nacht Briefe an seine Frau Grace \u00fcber seine Arbeit und seine Gedanken zum Prozess. Diese Briefe lagen jahrzehntelang im Regal, bis der Autor, ein Senator des Kongresses, der sie von seinem Vater geerbt hatte, versehentlich mit ihnen in Kontakt kam und eine F\u00fclle von Geheimnissen, emotionalen Geschichten, farbenfrohen Darstellungen von Nazi-Kriegsverbrechern und die historische Bedeutung des Prozesses wieder zum Leben erweckte.<\/p>","protected":false},"excerpt":{"rendered":"<p>\u300a\u7ebd\u4f26\u5821\u6765\u4fe1\u300b\u7684\u4f5c\u8005\u7236\u4eb2\u6258\u9a6c\u65af\u2022\u591a\u5fb7\u4ee5\u5f8b\u5e08\u56e2\u6210\u5458\u7684\u8eab\u4efd\u5954\u8d74\u6ee1\u76ee\u75ae\u75cd\u7684\u7ebd\u4f26\u5821\uff0c\u53c2\u52a0\u90a3\u573a\u53f2\u65e0\u524d\u4f8b\u7684\u5bf9\u53cd\u4eba\u7c7b\u7f6a\u884c\u7684\u5ba1 [&hellip;]<\/p>\n","protected":false},"featured_media":26149,"template":"","meta":{"advanced_seo_description":"","jetpack_seo_html_title":"","jetpack_seo_noindex":false,"jetpack_post_was_ever_published":false},"product_brand":[],"product_cat":[132641,132711,132881,132894],"product_tag":[],"class_list":{"0":"post-12830","1":"product","2":"type-product","3":"status-publish","4":"has-post-thumbnail","6":"product_cat-132641","7":"product_cat-132711","8":"product_cat-132881","9":"product_cat-132894","11":"first","12":"instock","13":"taxable","14":"shipping-taxable","15":"purchasable","16":"product-type-simple"},"exclude_global_add_ons":[],"addons":[],"jetpack_sharing_enabled":true,"_links":{"self":[{"href":"https:\/\/bobobooks.de\/de\/wp-json\/wp\/v2\/product\/12830","targetHints":{"allow":["GET"]}}],"collection":[{"href":"https:\/\/bobobooks.de\/de\/wp-json\/wp\/v2\/product"}],"about":[{"href":"https:\/\/bobobooks.de\/de\/wp-json\/wp\/v2\/types\/product"}],"version-history":[{"count":4,"href":"https:\/\/bobobooks.de\/de\/wp-json\/wp\/v2\/product\/12830\/revisions"}],"predecessor-version":[{"id":25555,"href":"https:\/\/bobobooks.de\/de\/wp-json\/wp\/v2\/product\/12830\/revisions\/25555"}],"wp:featuredmedia":[{"embeddable":true,"href":"https:\/\/bobobooks.de\/de\/wp-json\/wp\/v2\/media\/26149"}],"wp:attachment":[{"href":"https:\/\/bobobooks.de\/de\/wp-json\/wp\/v2\/media?parent=12830"}],"wp:term":[{"taxonomy":"product_brand","embeddable":true,"href":"https:\/\/bobobooks.de\/de\/wp-json\/wp\/v2\/product_brand?post=12830"},{"taxonomy":"product_cat","embeddable":true,"href":"https:\/\/bobobooks.de\/de\/wp-json\/wp\/v2\/product_cat?post=12830"},{"taxonomy":"product_tag","embeddable":true,"href":"https:\/\/bobobooks.de\/de\/wp-json\/wp\/v2\/product_tag?post=12830"}],"curies":[{"name":"wp","href":"https:\/\/api.w.org\/{rel}","templated":true}]}}