{"id":12820,"date":"2023-06-03T12:09:10","date_gmt":"2023-06-03T10:09:10","guid":{"rendered":"https:\/\/bobobooks.de\/?post_type=product&#038;p=12820"},"modified":"2026-03-23T23:05:20","modified_gmt":"2026-03-23T22:05:20","slug":"buch-der-sorgen","status":"publish","type":"product","link":"https:\/\/bobobooks.de\/de\/bu_an_zhi_shi\/","title":{"rendered":"Buch der Sorgen"},"content":{"rendered":"<div><span class=\"author-d-1gg9uz65z1iz85zgdz68zmqkz84zo2qowz81zz86ztx4z74zuz86zz69ztsiz80zz73zxcgz66z9yz82zz85zvo6z74zz69zuz77z2z75z\">Der portugiesische Nationaldichter Fernando Pessoa hat mehr als zwanzig Jahre lang unter verschiedenen Pseudonymen mehr als hundert tagebuchartige Prosa-Essays verfasst, die von seinen Nachkommen f\u00fcr dieses Buch gesammelt und zusammengestellt wurden. Jedes Pseudonym ist eine Facette von Pessoas Charakter und offenbart uns das einsame und gro\u00dfartige Gedankenuniversum eines Meisters seiner Generation.<\/span><\/div>\n<div><span class=\"author-d-1gg9uz65z1iz85zgdz68zmqkz84zo2qowz81zz86ztx4z74zuz86zz69ztsiz80zz73zxcgz66z9yz82zz85zvo6z74zz69zuz77z2z75z\">Basierend auf dem Sammelband des renommierten Pessoa-Forschers Geronimo Pizarro gibt das Buch der Unruhe die Phasen von Pessoas Schaffen und den Lebensweg dieses literarischen Giganten getreu wieder. Geschrieben mit allen Gef\u00fchlen des modernen Herzens, zeigt es die Sch\u00f6nheit der menschlichen Einsamkeit und Entschlossenheit wie nie zuvor und l\u00e4sst uns mit einem unvergleichlichen poetischen und philosophischen Sinn mitschwingen.<\/span><\/div>","protected":false},"excerpt":{"rendered":"<p>\u8461\u8404\u7259\u56fd\u5b9d\u7ea7\u8bd7\u4eba\u8d39\u5c14\u5357\u591a\u00b7\u4f69\u7d22\u963f\u7528\u4e8c\u5341\u4f59\u5e74\u4ee5\u4e0d\u540c\u5f02\u540d\u521b\u4f5c\u4e86\u767e\u4f59\u7bc7\u65e5\u8bb0\u4f53\u6563\u6587\u968f\u7b14\uff0c\u7531\u540e\u4eba\u6536\u96c6\u7f16\u7e82\u6210\u672c\u4e66\u3002\u6bcf\u4e00\u4e2a\u5f02 [&hellip;]<\/p>\n","protected":false},"featured_media":24935,"template":"","meta":{"advanced_seo_description":"","jetpack_seo_html_title":"","jetpack_seo_noindex":false,"jetpack_post_was_ever_published":false},"product_brand":[],"product_cat":[132641,132883],"product_tag":[],"class_list":{"0":"post-12820","1":"product","2":"type-product","3":"status-publish","4":"has-post-thumbnail","6":"product_cat-132641","7":"product_cat-132883","9":"first","10":"instock","11":"taxable","12":"shipping-taxable","13":"purchasable","14":"product-type-simple"},"exclude_global_add_ons":[],"addons":[],"jetpack_sharing_enabled":true,"_links":{"self":[{"href":"https:\/\/bobobooks.de\/de\/wp-json\/wp\/v2\/product\/12820","targetHints":{"allow":["GET"]}}],"collection":[{"href":"https:\/\/bobobooks.de\/de\/wp-json\/wp\/v2\/product"}],"about":[{"href":"https:\/\/bobobooks.de\/de\/wp-json\/wp\/v2\/types\/product"}],"version-history":[{"count":3,"href":"https:\/\/bobobooks.de\/de\/wp-json\/wp\/v2\/product\/12820\/revisions"}],"predecessor-version":[{"id":12987,"href":"https:\/\/bobobooks.de\/de\/wp-json\/wp\/v2\/product\/12820\/revisions\/12987"}],"wp:featuredmedia":[{"embeddable":true,"href":"https:\/\/bobobooks.de\/de\/wp-json\/wp\/v2\/media\/24935"}],"wp:attachment":[{"href":"https:\/\/bobobooks.de\/de\/wp-json\/wp\/v2\/media?parent=12820"}],"wp:term":[{"taxonomy":"product_brand","embeddable":true,"href":"https:\/\/bobobooks.de\/de\/wp-json\/wp\/v2\/product_brand?post=12820"},{"taxonomy":"product_cat","embeddable":true,"href":"https:\/\/bobobooks.de\/de\/wp-json\/wp\/v2\/product_cat?post=12820"},{"taxonomy":"product_tag","embeddable":true,"href":"https:\/\/bobobooks.de\/de\/wp-json\/wp\/v2\/product_tag?post=12820"}],"curies":[{"name":"wp","href":"https:\/\/api.w.org\/{rel}","templated":true}]}}