{"id":12802,"date":"2023-06-03T12:09:05","date_gmt":"2023-06-03T10:09:05","guid":{"rendered":"https:\/\/bobobooks.de\/?post_type=product&#038;p=12802"},"modified":"2026-03-23T23:01:36","modified_gmt":"2026-03-23T22:01:36","slug":"positiver-wandel-eine-lektion-in-emotionaler-intelligenz-zur-erreichung-von-spitzenleistungen-am-arbeitsplatz","status":"publish","type":"product","link":"https:\/\/bobobooks.de\/de\/ji_ji_gai_bian\/","title":{"rendered":"Positiver Wandel: Eine Lektion in emotionaler Intelligenz zur Erreichung von Spitzenleistungen am Arbeitsplatz"},"content":{"rendered":"<p>Durch eine Kombination von Fallbeispielen, Theorien, Werkzeugen und \u00dcbungen konzentriert sich dieses Buch auf Situationen am Arbeitsplatz und zeigt auf, wie man Emotionen wahrnimmt, steuert und ausdr\u00fcckt, wie man sich selbst motiviert und wie man die Emotionen anderer am Arbeitsplatz erkennt, um dem Leser zu helfen, gute zwischenmenschliche Beziehungen aufzubauen und sich besser an den Arbeitsplatz anzupassen. Das Buch ist in sechs Teile gegliedert: Im Abschnitt \"Von hier aus: Erste Erfahrungen mit emotionaler Intelligenz\" wird erkl\u00e4rt, worum es bei EI geht, und es werden einige der in der \u00d6ffentlichkeit vorherrschenden Missverst\u00e4ndnisse \u00fcber EI ausger\u00e4umt. In den Teilen 1 bis 5 erhalten die Leser spezifische Methoden und Werkzeuge zur Verbesserung der emotionalen Intelligenz aus f\u00fcnf Blickwinkeln: emotionales Bewusstsein und Management, emotionaler Ausdruck, Selbstmotivation, Erkennen der Emotionen anderer und Management zwischenmenschlicher Beziehungen im Kontext des Arbeitsplatzes.<\/p>","protected":false},"excerpt":{"rendered":"<p>\u672c\u4e66\u901a\u8fc7\u6848\u4f8b\u3001\u7406\u8bba\u3001\u5de5\u5177\u4e0e\u7ec3\u4e60\u76f8\u7ed3\u5408\u7684\u65b9\u5f0f\uff0c\u805a\u7126\u4e8e\u804c\u573a\u7684\u5de5\u4f5c\u60c5\u5883\uff0c\u8bb2\u8ff0\u5728\u804c\u573a\u4e2d\uff1a\u5982\u4f55\u8ba4\u77e5\u3001\u7ba1\u7406\u548c\u8868\u8fbe\u60c5\u7eea\uff1b\u5982\u4f55 [&hellip;]<\/p>\n","protected":false},"featured_media":26144,"template":"","meta":{"advanced_seo_description":"","jetpack_seo_html_title":"","jetpack_seo_noindex":false,"jetpack_post_was_ever_published":false},"product_brand":[],"product_cat":[132914,132917],"product_tag":[],"class_list":{"0":"post-12802","1":"product","2":"type-product","3":"status-publish","4":"has-post-thumbnail","6":"product_cat-132914","7":"product_cat-132917","9":"first","10":"instock","11":"taxable","12":"shipping-taxable","13":"purchasable","14":"product-type-simple"},"exclude_global_add_ons":[],"addons":[],"jetpack_sharing_enabled":true,"_links":{"self":[{"href":"https:\/\/bobobooks.de\/de\/wp-json\/wp\/v2\/product\/12802","targetHints":{"allow":["GET"]}}],"collection":[{"href":"https:\/\/bobobooks.de\/de\/wp-json\/wp\/v2\/product"}],"about":[{"href":"https:\/\/bobobooks.de\/de\/wp-json\/wp\/v2\/types\/product"}],"version-history":[{"count":3,"href":"https:\/\/bobobooks.de\/de\/wp-json\/wp\/v2\/product\/12802\/revisions"}],"predecessor-version":[{"id":14360,"href":"https:\/\/bobobooks.de\/de\/wp-json\/wp\/v2\/product\/12802\/revisions\/14360"}],"wp:featuredmedia":[{"embeddable":true,"href":"https:\/\/bobobooks.de\/de\/wp-json\/wp\/v2\/media\/26144"}],"wp:attachment":[{"href":"https:\/\/bobobooks.de\/de\/wp-json\/wp\/v2\/media?parent=12802"}],"wp:term":[{"taxonomy":"product_brand","embeddable":true,"href":"https:\/\/bobobooks.de\/de\/wp-json\/wp\/v2\/product_brand?post=12802"},{"taxonomy":"product_cat","embeddable":true,"href":"https:\/\/bobobooks.de\/de\/wp-json\/wp\/v2\/product_cat?post=12802"},{"taxonomy":"product_tag","embeddable":true,"href":"https:\/\/bobobooks.de\/de\/wp-json\/wp\/v2\/product_tag?post=12802"}],"curies":[{"name":"wp","href":"https:\/\/api.w.org\/{rel}","templated":true}]}}