{"id":12780,"date":"2023-06-03T12:08:58","date_gmt":"2023-06-03T10:08:58","guid":{"rendered":"https:\/\/bobobooks.de\/?post_type=product&#038;p=12780"},"modified":"2026-03-23T22:59:46","modified_gmt":"2026-03-23T21:59:46","slug":"die-geschichte-des-neuen-namens","status":"publish","type":"product","link":"https:\/\/bobobooks.de\/de\/xin_ming_zi_de_gu_shi\/","title":{"rendered":"Die Geschichte des neuen Namens"},"content":{"rendered":"<p>Die Geschichte eines neuen Namens ist das zweite Buch der neapolitanischen Tetralogie von Elena Ferrante, das die Jugend von Elena und Leila beschreibt. Gemeinsam erleben sie Liebe, Verlust, Verwirrung, Kampf, Eifersucht und versteckte Zerst\u00f6rung in den Jahren, in denen sich ihre Leben in rasantem Tempo auseinanderentwickeln.<\/p>\n<p>Leila stellt an ihrem Hochzeitstag fest, dass die Ehe ganz und gar nicht das ist, was sie sich vorgestellt hat, und dass ihre erste Nacht fast eine Vergewaltigung war. Sie mischt sich mit einem starken und zerst\u00f6rerischen Verlangen in Stefanos Familienunternehmen ein, um anscheinend die Art von Frau zu werden, die sie und Elena als Kinder sein wollten. Lilla, die schon lange nicht mehr schwanger war, und Elena fuhren in den Urlaub ans Meer, um sich zu erholen. Und dieser Sommer auf der Insel Ischia ver\u00e4ndert das Leben aller. ......<\/p>\n<p>Aus Wut \u00fcber die Liebe zu Lilla k\u00e4mpft \"ich\" (Elena) darum, aus dem zerfallenden, gewaltt\u00e4tigen und zerstrittenen Viertel zu entkommen. \"Ich werde die erste Universit\u00e4tsstudentin des Viertels, verlobe mich mit einem Jungen aus einer intellektuellen Familie und ver\u00f6ffentliche sogar meinen ersten Roman. \"Ich kehre als Siegerin nach Neapel zur\u00fcck, nur um Leila vorzufinden, die sich von ihrer h\u00e4sslichen Ehe verabschiedet hat und in einem Fleischverarbeitungsbetrieb einen erniedrigenden Job aus\u00fcbt.<\/p>\n<p>Als \"ich\" entdeckte, dass mein Roman tats\u00e4chlich die einzigartige Kraft und Inspiration des geheimen Notizbuchs, das Leila \"ich\" anvertraut hatte, vollst\u00e4ndig gestohlen hatte, war \"ich\" gezwungen, mich einer \u00e4u\u00dferst schmerzhaften Frage zu stellen: Wer ging und wer blieb, \"ich\" und Leila? Ich war gezwungen, mich einer \u00e4u\u00dferst schmerzhaften Frage zu stellen: Wer ist gegangen und wer ist geblieben, ich und Leila?<\/p>","protected":false},"excerpt":{"rendered":"<p>\u300a\u65b0\u540d\u5b57\u7684\u6545\u4e8b\u300b\u662f\u57c3\u83b1\u5a1c\u00b7\u8d39\u5170\u7279\u7684\u201c\u90a3\u4e0d\u52d2\u65af\u56db\u90e8\u66f2\u201d\u7684\u7b2c\u4e8c\u90e8\uff0c\u63cf\u8ff0\u4e86\u57c3\u83b1\u5a1c\u548c\u8389\u62c9\u7684\u9752\u5e74\u65f6\u4ee3\u3002\u5728\u5979\u4eec\u7684\u4eba\u751f\u4ee5\u6700\u5feb [&hellip;]<\/p>\n","protected":false},"featured_media":26157,"template":"","meta":{"advanced_seo_description":"","jetpack_seo_html_title":"","jetpack_seo_noindex":false,"jetpack_post_was_ever_published":false},"product_brand":[],"product_cat":[132931,132936,133482,133485],"product_tag":[],"class_list":{"0":"post-12780","1":"product","2":"type-product","3":"status-publish","4":"has-post-thumbnail","6":"product_cat-132931","7":"product_cat-132936","8":"product_cat-133482","9":"product_cat-133485","11":"first","12":"instock","13":"taxable","14":"shipping-taxable","15":"purchasable","16":"product-type-simple"},"exclude_global_add_ons":[],"addons":[],"jetpack_sharing_enabled":true,"_links":{"self":[{"href":"https:\/\/bobobooks.de\/de\/wp-json\/wp\/v2\/product\/12780","targetHints":{"allow":["GET"]}}],"collection":[{"href":"https:\/\/bobobooks.de\/de\/wp-json\/wp\/v2\/product"}],"about":[{"href":"https:\/\/bobobooks.de\/de\/wp-json\/wp\/v2\/types\/product"}],"version-history":[{"count":3,"href":"https:\/\/bobobooks.de\/de\/wp-json\/wp\/v2\/product\/12780\/revisions"}],"predecessor-version":[{"id":12997,"href":"https:\/\/bobobooks.de\/de\/wp-json\/wp\/v2\/product\/12780\/revisions\/12997"}],"wp:featuredmedia":[{"embeddable":true,"href":"https:\/\/bobobooks.de\/de\/wp-json\/wp\/v2\/media\/26157"}],"wp:attachment":[{"href":"https:\/\/bobobooks.de\/de\/wp-json\/wp\/v2\/media?parent=12780"}],"wp:term":[{"taxonomy":"product_brand","embeddable":true,"href":"https:\/\/bobobooks.de\/de\/wp-json\/wp\/v2\/product_brand?post=12780"},{"taxonomy":"product_cat","embeddable":true,"href":"https:\/\/bobobooks.de\/de\/wp-json\/wp\/v2\/product_cat?post=12780"},{"taxonomy":"product_tag","embeddable":true,"href":"https:\/\/bobobooks.de\/de\/wp-json\/wp\/v2\/product_tag?post=12780"}],"curies":[{"name":"wp","href":"https:\/\/api.w.org\/{rel}","templated":true}]}}