{"id":12496,"date":"2023-05-13T15:19:27","date_gmt":"2023-05-13T13:19:27","guid":{"rendered":"https:\/\/bobobooks.de\/?post_type=product&#038;p=12496"},"modified":"2026-01-01T16:23:31","modified_gmt":"2026-01-01T15:23:31","slug":"du-bist-auf-die-erde-gekommen-du-musst-die-sonne-sehen","status":"publish","type":"product","link":"https:\/\/bobobooks.de\/de\/ni_lai_ren_jian_yi_tang_ni_yao_kan_kan_tai_yang\/","title":{"rendered":"Du bist auf die Erde gekommen, du musst die Sonne sehen."},"content":{"rendered":"<p>Dieses Buch ist eine Auswahl von 100 kurzen lyrischen Gedichten von Haizi, unterteilt in sechs Abschnitte entsprechend ihrer Stimmungen und Bedeutungen, mit dem innovativen Konzept der \"Read Aloud Edition\". Wir hoffen, jeden Leser, der die Gedichte von Hai Zi liebt, dazu aufzurufen, sie laut zu lesen, um die Gef\u00fchle und Geschichten hinter diesen Werken in der nat\u00fcrlichsten Form der Poesie zu erleben.<\/p>\n<p>Das Buch ist in einem einzigartigen Steppsticheinband mit freiem R\u00fccken gebunden, der daf\u00fcr sorgt, dass das Buch leicht ist und sich zum Vorlesen eignet. Jedes Gedicht im Buch nimmt ein Paar Seiten ein, mit einem einfachen handgezeichneten Muster, das auf der Bedeutung des Gedichts Seite f\u00fcr Seite basiert, um den Lesern zu helfen, sich auf das Vorlesen einzustimmen. Gleichzeitig befindet sich in der rechten unteren Ecke jedes Gedichts ein QR-Code, der gescannt werden kann, um die \"Hauptstimme\" des Gedichts zu h\u00f6ren, die den Lesern ein Beispiel und eine Anleitung f\u00fcr das gemeinsame Lesen gibt.<\/p>\n<p>Du bist zu Besuch auf die Erde gekommen und wirst die Sonne sehen. M\u00f6gest du etwas vom Vorlesen haben. M\u00f6gest du etwas von dem Gedicht haben. Und selbst wenn nicht, m\u00f6gest du Haizi lieben.<\/p>","protected":false},"excerpt":{"rendered":"<p>\u672c\u4e66\u7cbe\u9009100\u9996\u6d77\u5b50\u521b\u4f5c\u7684\u6292\u60c5\u77ed\u8bd7\uff0c\u6309\u7167\u60c5\u7eea\u548c\u610f\u8574\u5206\u4e3a\u516d\u4e2a\u677f\u5757\uff0c\u540c\u65f6\u521b\u65b0\u5730\u63d0\u51fa\u4e86\u201c\u6717\u8bfb\u7248\u201d\u7684\u6982\u5ff5\u3002\u6211\u4eec\u5e0c\u671b\u53f7\u53ec [&hellip;]<\/p>\n","protected":false},"featured_media":25032,"template":"","meta":{"advanced_seo_description":"","jetpack_seo_html_title":"","jetpack_seo_noindex":false,"jetpack_post_was_ever_published":false},"product_brand":[],"product_cat":[132641,133124],"product_tag":[],"class_list":{"0":"post-12496","1":"product","2":"type-product","3":"status-publish","4":"has-post-thumbnail","6":"product_cat-132641","7":"product_cat-133124","9":"first","10":"instock","11":"taxable","12":"shipping-taxable","13":"purchasable","14":"product-type-simple"},"exclude_global_add_ons":[],"addons":[],"jetpack_sharing_enabled":true,"_links":{"self":[{"href":"https:\/\/bobobooks.de\/de\/wp-json\/wp\/v2\/product\/12496","targetHints":{"allow":["GET"]}}],"collection":[{"href":"https:\/\/bobobooks.de\/de\/wp-json\/wp\/v2\/product"}],"about":[{"href":"https:\/\/bobobooks.de\/de\/wp-json\/wp\/v2\/types\/product"}],"version-history":[{"count":3,"href":"https:\/\/bobobooks.de\/de\/wp-json\/wp\/v2\/product\/12496\/revisions"}],"predecessor-version":[{"id":12604,"href":"https:\/\/bobobooks.de\/de\/wp-json\/wp\/v2\/product\/12496\/revisions\/12604"}],"wp:featuredmedia":[{"embeddable":true,"href":"https:\/\/bobobooks.de\/de\/wp-json\/wp\/v2\/media\/25032"}],"wp:attachment":[{"href":"https:\/\/bobobooks.de\/de\/wp-json\/wp\/v2\/media?parent=12496"}],"wp:term":[{"taxonomy":"product_brand","embeddable":true,"href":"https:\/\/bobobooks.de\/de\/wp-json\/wp\/v2\/product_brand?post=12496"},{"taxonomy":"product_cat","embeddable":true,"href":"https:\/\/bobobooks.de\/de\/wp-json\/wp\/v2\/product_cat?post=12496"},{"taxonomy":"product_tag","embeddable":true,"href":"https:\/\/bobobooks.de\/de\/wp-json\/wp\/v2\/product_tag?post=12496"}],"curies":[{"name":"wp","href":"https:\/\/api.w.org\/{rel}","templated":true}]}}