{"id":12370,"date":"2023-05-03T21:33:03","date_gmt":"2023-05-03T19:33:03","guid":{"rendered":"https:\/\/bobobooks.de\/?post_type=product&#038;p=12370"},"modified":"2026-01-01T16:23:29","modified_gmt":"2026-01-01T15:23:29","slug":"quanten-traume","status":"publish","type":"product","link":"https:\/\/bobobooks.de\/de\/quanten-traume\/","title":{"rendered":"Quanten Tr\u00e4ume"},"content":{"rendered":"<p>Eine Sprachwissenschaftlerin wird mitten in der Nacht angerufen. Die neueste Entwicklung auf dem Spielzeugmarkt, ein Pl\u00fcsch-Seehund mit KI, hat offenbar eine eigene, f\u00fcr Menschen unverst\u00e4ndliche Sprache entwickelt ... Ein K\u00f6nig liebt nichts so sehr, <em class=\"element-background-basic-colors marker\" data-color=\"gelb-light\">wie<\/em> Doch irgendwann hat er alles geh\u00f6rt, was es zu erz\u00e4hlen gibt - und so l\u00e4sst er kurzerhand einen Geschichtenroboter bauen. Geschichtenroboter bauen ... Das Spektrum an Ideen, die f\u00fcnfzehn der ber\u00fchmtesten chinesischen Science-Fiction-Autorinnen und -Autoren in diesem Sammelband ausbreiten, zeigt auf beeindruckende Weise, wie einfallsreich und innovativ man sich in China mit dem Thema K\u00fcnstliche Intelligenz auseinandersetzt.<\/p>","protected":false},"excerpt":{"rendered":"<p>Eine Sprachwissenschaftlerin wird mitten in der Nacht a [&hellip;]<\/p>\n","protected":false},"featured_media":25447,"template":"","meta":{"advanced_seo_description":"","jetpack_seo_html_title":"","jetpack_seo_noindex":false,"jetpack_post_was_ever_published":false},"product_brand":[],"product_cat":[132918,133410],"product_tag":[],"class_list":{"0":"post-12370","1":"product","2":"type-product","3":"status-publish","4":"has-post-thumbnail","6":"product_cat-booksingerman","7":"product_cat-scifi","9":"first","10":"outofstock","11":"taxable","12":"shipping-taxable","13":"purchasable","14":"product-type-simple"},"exclude_global_add_ons":[],"addons":[],"jetpack_sharing_enabled":true,"_links":{"self":[{"href":"https:\/\/bobobooks.de\/de\/wp-json\/wp\/v2\/product\/12370","targetHints":{"allow":["GET"]}}],"collection":[{"href":"https:\/\/bobobooks.de\/de\/wp-json\/wp\/v2\/product"}],"about":[{"href":"https:\/\/bobobooks.de\/de\/wp-json\/wp\/v2\/types\/product"}],"version-history":[{"count":3,"href":"https:\/\/bobobooks.de\/de\/wp-json\/wp\/v2\/product\/12370\/revisions"}],"predecessor-version":[{"id":12671,"href":"https:\/\/bobobooks.de\/de\/wp-json\/wp\/v2\/product\/12370\/revisions\/12671"}],"wp:featuredmedia":[{"embeddable":true,"href":"https:\/\/bobobooks.de\/de\/wp-json\/wp\/v2\/media\/25447"}],"wp:attachment":[{"href":"https:\/\/bobobooks.de\/de\/wp-json\/wp\/v2\/media?parent=12370"}],"wp:term":[{"taxonomy":"product_brand","embeddable":true,"href":"https:\/\/bobobooks.de\/de\/wp-json\/wp\/v2\/product_brand?post=12370"},{"taxonomy":"product_cat","embeddable":true,"href":"https:\/\/bobobooks.de\/de\/wp-json\/wp\/v2\/product_cat?post=12370"},{"taxonomy":"product_tag","embeddable":true,"href":"https:\/\/bobobooks.de\/de\/wp-json\/wp\/v2\/product_tag?post=12370"}],"curies":[{"name":"wp","href":"https:\/\/api.w.org\/{rel}","templated":true}]}}