{"id":12071,"date":"2023-04-18T16:47:17","date_gmt":"2023-04-18T14:47:17","guid":{"rendered":"https:\/\/bobobooks.de\/?post_type=product&#038;p=12071"},"modified":"2026-02-08T10:22:53","modified_gmt":"2026-02-08T09:22:53","slug":"mittagsschreck","status":"publish","type":"product","link":"https:\/\/bobobooks.de\/de\/zheng_wu_zhi_mo\/","title":{"rendered":"Mittagsschreck"},"content":{"rendered":"<p>Das Schreiben dieses Buches hat mich zu einem \"professionellen Depressiven\" gemacht ...... Ich habe das Gef\u00fchl, dass es auf dem Gebiet der Depressionsforschung an einer Synthese fehlt. Die Ursachen von Depressionen sind in vielen Disziplinen getrennt erforscht worden, zu viele interessante Dinge sind zu vielen interessanten Menschen passiert, zu viele interessante Dinge werden erz\u00e4hlt - und es herrscht immer noch viel Verwirrung in diesem \"Land\". Das erste Ziel dieses Buches ist es, sich in die depressive Person einzuf\u00fchlen, sie wirklich zu verstehen; das zweite, und das war f\u00fcr mich schwieriger zu erreichen, besteht darin, so viel wie m\u00f6glich Ordnung zu schaffen, und zwar auf der Grundlage von Empirie und nicht von willk\u00fcrlich zusammengeschusterten Anekdoten, die zu pauschalen Verallgemeinerungen f\u00fchren.<\/p>\n<p>Ich beginne das Buch mit meiner eigenen Depression, schreibe dann \u00fcber \u00e4hnliche Depressionen anderer, dann \u00fcber andere Depressionen und schlie\u00dflich \u00fcber Depressionen in einem v\u00f6llig anderen Kontext. Ich lasse M\u00e4nner und Frauen ihre eigenen Geschichten erz\u00e4hlen, und die Kriege, mit denen sie konfrontiert waren, sind das \u00fcbergreifende Thema des Buches ...... Das Schreiben \u00fcber Depressionen ist schmerzhaft, traurig, einsam und anstrengend. Aber der Gedanke, dass das, was ich tue, f\u00fcr andere hilfreich sein k\u00f6nnte, hebt meine Laune, und ich gewinne immer wieder neue Erkenntnisse, die auch mir helfen.<\/p>\n<p>Es scheint in diesen Tagen Mode zu sein, die Pharmaindustrie zu tadeln. Meiner Erfahrung nach ist diese Branche jedoch ebenso kapitalistisch wie idealistisch: Sie ist auf Profit aus, aber auch optimistisch, dass ihre Arbeit der Welt zugute kommt. Wir h\u00e4tten heute keine SSRIs, die Art von Antidepressiva, die unz\u00e4hlige Leben gerettet hat, wenn die Pharmaunternehmen nicht die entsprechende Forschung finanziert h\u00e4tten. Ich habe die Pharmaindustrie, wie ich sie kenne, so klar wie m\u00f6glich beschrieben, und das ist Teil der Geschichte dieses Buches.<\/p>\n<p>Dies ist ein sehr pers\u00f6nliches Buch. Ich gebe zwar Erkl\u00e4rungen und Erl\u00e4uterungen zu einigen der komplexeren Punkte, aber das Buch versucht nicht, eine angemessene Therapie zu ersetzen.<\/p>","protected":false},"excerpt":{"rendered":"<p>\u5199\u4f5c\u672c\u4e66\u4f7f\u6211\u6210\u4e86\u4e00\u540d\u201c\u4e13\u4e1a\u6291\u90c1\u8005\u201d\u2026\u2026\u6211\u611f\u5230\uff0c\u6291\u90c1\u7814\u7a76\u9886\u57df\u91cc\uff0c\u7f3a\u5c11\u7684\u662f\u7efc\u5408\u3002\u5f88\u591a\u5b66\u79d1\u90fd\u5206\u522b\u63a2\u8ba8\u8fc7\u6291\u90c1\u7684\u6210\u56e0\uff0c\u592a [&hellip;]<\/p>\n","protected":false},"featured_media":26167,"template":"","meta":{"advanced_seo_description":"","jetpack_seo_html_title":"","jetpack_seo_noindex":false,"jetpack_post_was_ever_published":false},"product_brand":[],"product_cat":[132721,132905],"product_tag":[],"class_list":{"0":"post-12071","1":"product","2":"type-product","3":"status-publish","4":"has-post-thumbnail","6":"product_cat-132721","7":"product_cat-132905","9":"first","10":"instock","11":"taxable","12":"shipping-taxable","13":"purchasable","14":"product-type-simple"},"exclude_global_add_ons":[],"addons":[],"jetpack_sharing_enabled":true,"_links":{"self":[{"href":"https:\/\/bobobooks.de\/de\/wp-json\/wp\/v2\/product\/12071","targetHints":{"allow":["GET"]}}],"collection":[{"href":"https:\/\/bobobooks.de\/de\/wp-json\/wp\/v2\/product"}],"about":[{"href":"https:\/\/bobobooks.de\/de\/wp-json\/wp\/v2\/types\/product"}],"version-history":[{"count":3,"href":"https:\/\/bobobooks.de\/de\/wp-json\/wp\/v2\/product\/12071\/revisions"}],"predecessor-version":[{"id":12227,"href":"https:\/\/bobobooks.de\/de\/wp-json\/wp\/v2\/product\/12071\/revisions\/12227"}],"wp:featuredmedia":[{"embeddable":true,"href":"https:\/\/bobobooks.de\/de\/wp-json\/wp\/v2\/media\/26167"}],"wp:attachment":[{"href":"https:\/\/bobobooks.de\/de\/wp-json\/wp\/v2\/media?parent=12071"}],"wp:term":[{"taxonomy":"product_brand","embeddable":true,"href":"https:\/\/bobobooks.de\/de\/wp-json\/wp\/v2\/product_brand?post=12071"},{"taxonomy":"product_cat","embeddable":true,"href":"https:\/\/bobobooks.de\/de\/wp-json\/wp\/v2\/product_cat?post=12071"},{"taxonomy":"product_tag","embeddable":true,"href":"https:\/\/bobobooks.de\/de\/wp-json\/wp\/v2\/product_tag?post=12071"}],"curies":[{"name":"wp","href":"https:\/\/api.w.org\/{rel}","templated":true}]}}