{"id":12063,"date":"2023-04-18T16:47:15","date_gmt":"2023-04-18T14:47:15","guid":{"rendered":"https:\/\/bobobooks.de\/?post_type=product&#038;p=12063"},"modified":"2026-03-23T22:52:23","modified_gmt":"2026-03-23T21:52:23","slug":"human-rafting","status":"publish","type":"product","link":"https:\/\/bobobooks.de\/de\/ren_jian_piao_liu\/","title":{"rendered":"Human Rafting"},"content":{"rendered":"<p>Dieses Buch erz\u00e4hlt die Lebensgeschichte einer Gruppe von Landstreichern.<\/p>\n<p>Sie sind die Frau aus dem S\u00fcden, die in den Nordosten zog, um dort ihren Lebensunterhalt zu verdienen, der Schwager, der den Fluss nach Russland \u00fcberquerte, um dort seinen Lebensunterhalt zu verdienen, der Tofu-Gelehrte, der allein \u00fcber den Ozean zog, und der Doktor der Philosophie, der seiner Geliebten in die Vereinigten Staaten folgte....... Sie waren unzufrieden mit der Bestimmung des Schicksals und zogen zehntausend Meilen weit weg, und in den Ecken des Landes, die niemand kannte, k\u00e4mpften sie um ihr Leben.<\/p>\n<p>Einige dieser Menschen starben fr\u00fch am Steuer, einige verschwanden \u00fcber den Fluss, einige verbrachten Silvester allein in einem fremden Land, und einige legten ihre B\u00fccher und Kinder zur Seite und verbrachten ihre Tage mit der Haarschneidemaschine ......<\/p>\n<p>Xiao Du, der diese Geschichten geschrieben hat, verlie\u00df in seinen Zwanzigern seine Heimatstadt im Nordosten des Landes und flog \u00fcber den Ozean in eine kleine Stadt in den Vereinigten Staaten. In den letzten zehn Jahren ist er viele Male umgezogen und hat unz\u00e4hlige Zusammenk\u00fcnfte und Trennungen erlebt, aber er ist immer noch fehl am Platz in einem fremden Land, und seine Heimatstadt hat sich l\u00e4ngst ver\u00e4ndert.<\/p>\n<p>Dies ist die Geschichte von Xiao Du's halbem Leben, die Geschichte all der Wesen, die er in der Vergangenheit erlebt hat, und mehr noch, die Geschichte von dir und mir - wir sind wie wurzellose Entengr\u00fctze, die in dieser Welt umhertreibt, und egal, wo wir sind, wir k\u00f6nnen uns am Ende nirgendwo zuhause f\u00fchlen.<\/p>","protected":false},"excerpt":{"rendered":"<p>\u8fd9\u672c\u4e66\uff0c\u8bb2\u8ff0\u4e86\u4e00\u7fa4\u6f02\u6cca\u8005\u7684\u751f\u547d\u6545\u4e8b\u3002 \u4ed6\u4eec\u662f\u5230\u4e1c\u5317\u8ba8\u751f\u6d3b\u7684\u5357\u65b9\u5973\u4eba\u3001\u6e21\u6c5f\u53bb\u4fc4\u7f57\u65af\u95ef\u8361\u7684\u5c0f\u8205\u3001\u5b64\u8eab\u4e00\u4eba\u98d8\u6d0b\u8fc7\u6d77\u7684 [&hellip;]<\/p>\n","protected":false},"featured_media":26171,"template":"","meta":{"advanced_seo_description":"","jetpack_seo_html_title":"","jetpack_seo_noindex":false},"product_brand":[],"product_cat":[132922,133476],"product_tag":[],"class_list":{"0":"post-12063","1":"product","2":"type-product","3":"status-publish","4":"has-post-thumbnail","6":"product_cat-132922","7":"product_cat-133476","9":"first","10":"instock","11":"taxable","12":"shipping-taxable","13":"purchasable","14":"product-type-simple"},"exclude_global_add_ons":[],"addons":[],"jetpack_sharing_enabled":true,"_links":{"self":[{"href":"https:\/\/bobobooks.de\/de\/wp-json\/wp\/v2\/product\/12063","targetHints":{"allow":["GET"]}}],"collection":[{"href":"https:\/\/bobobooks.de\/de\/wp-json\/wp\/v2\/product"}],"about":[{"href":"https:\/\/bobobooks.de\/de\/wp-json\/wp\/v2\/types\/product"}],"version-history":[{"count":3,"href":"https:\/\/bobobooks.de\/de\/wp-json\/wp\/v2\/product\/12063\/revisions"}],"predecessor-version":[{"id":12199,"href":"https:\/\/bobobooks.de\/de\/wp-json\/wp\/v2\/product\/12063\/revisions\/12199"}],"wp:featuredmedia":[{"embeddable":true,"href":"https:\/\/bobobooks.de\/de\/wp-json\/wp\/v2\/media\/26171"}],"wp:attachment":[{"href":"https:\/\/bobobooks.de\/de\/wp-json\/wp\/v2\/media?parent=12063"}],"wp:term":[{"taxonomy":"product_brand","embeddable":true,"href":"https:\/\/bobobooks.de\/de\/wp-json\/wp\/v2\/product_brand?post=12063"},{"taxonomy":"product_cat","embeddable":true,"href":"https:\/\/bobobooks.de\/de\/wp-json\/wp\/v2\/product_cat?post=12063"},{"taxonomy":"product_tag","embeddable":true,"href":"https:\/\/bobobooks.de\/de\/wp-json\/wp\/v2\/product_tag?post=12063"}],"curies":[{"name":"wp","href":"https:\/\/api.w.org\/{rel}","templated":true}]}}