{"id":12049,"date":"2023-04-18T16:47:10","date_gmt":"2023-04-18T14:47:10","guid":{"rendered":"https:\/\/bobobooks.de\/?post_type=product&#038;p=12049"},"modified":"2026-03-24T08:03:27","modified_gmt":"2026-03-24T07:03:27","slug":"gezeitenkarte","status":"publish","type":"product","link":"https:\/\/bobobooks.de\/de\/chao_xi_tu\/","title":{"rendered":"Gezeitenkarte"},"content":{"rendered":"<p>In den 1820er Jahren bereiste H, ein schottischer Museumsgelehrter mit einem r\u00e4tselhaften Leben, die Welt und landete in Guangzhou, wo er in einem Bambuswald auf einen weiblichen Riesenfrosch stie\u00df, den er erfolgreich einfing und im Haojing-Garten in Macao hielt. In der Folge wird das Leben des Frosches von seltsamen K\u00e4figtieren, neuem Wissen \u00fcber die Welt und dem Leben von Menschen aus aller Welt durchdrungen. Am Vorabend des Opiumkriegs geht H. bankrott und begeht Selbstmord, der Garten der guten Aussicht verschwindet wie ein Traum, und der Frosch wird auf die Probe von Leben und Tod gestellt.<\/p>\n<p>Diese magische Geschichte, die im Terroir von Lingnan verwurzelt ist, reist von den w\u00e4ssrigen H\u00e4usern des Perlflusses zu den Dreizehn Gewerben von Guangzhou, macht kurz Halt im Garten der Kuriosit\u00e4ten in Macao und erkundet dann die Fl\u00fcsse und Ozeane der alles durchdringenden Welt. Hier trifft der Osten auf den Westen, und gro\u00dfe und kleine Utopien prallen in einer faszinierenden Banketttour durch die moderne Welt aufeinander.<\/p>","protected":false},"excerpt":{"rendered":"<p>\u4e00\u516b\u4e8c\u3007\u5e74\u4ee3\uff0c\u8eab\u4e16\u6210\u8c1c\u7684\u82cf\u683c\u5170\u535a\u7269\u5b66\u8005H\u6e38\u5386\u4e16\u754c\uff0c\u767b\u9646\u5e7f\u5dde\uff0c\u5728\u5f53\u5730\u82a6\u7af9\u6797\u4e2d\u906d\u9047\u4e00\u53ea\u96cc\u6027\u5de8\u86d9\uff0c\u6210\u529f\u5c06\u5176\u8bf1\u6355\uff0c\u8c62\u517b [&hellip;]<\/p>\n","protected":false},"featured_media":24944,"template":"","meta":{"advanced_seo_description":"","jetpack_seo_html_title":"","jetpack_seo_noindex":false,"jetpack_post_was_ever_published":false},"product_brand":[],"product_cat":[132922,133478],"product_tag":[],"class_list":{"0":"post-12049","1":"product","2":"type-product","3":"status-publish","4":"has-post-thumbnail","6":"product_cat-132922","7":"product_cat-133478","9":"first","10":"instock","11":"taxable","12":"shipping-taxable","13":"purchasable","14":"product-type-simple"},"exclude_global_add_ons":[],"addons":[],"jetpack_sharing_enabled":true,"_links":{"self":[{"href":"https:\/\/bobobooks.de\/de\/wp-json\/wp\/v2\/product\/12049","targetHints":{"allow":["GET"]}}],"collection":[{"href":"https:\/\/bobobooks.de\/de\/wp-json\/wp\/v2\/product"}],"about":[{"href":"https:\/\/bobobooks.de\/de\/wp-json\/wp\/v2\/types\/product"}],"version-history":[{"count":3,"href":"https:\/\/bobobooks.de\/de\/wp-json\/wp\/v2\/product\/12049\/revisions"}],"predecessor-version":[{"id":12119,"href":"https:\/\/bobobooks.de\/de\/wp-json\/wp\/v2\/product\/12049\/revisions\/12119"}],"wp:featuredmedia":[{"embeddable":true,"href":"https:\/\/bobobooks.de\/de\/wp-json\/wp\/v2\/media\/24944"}],"wp:attachment":[{"href":"https:\/\/bobobooks.de\/de\/wp-json\/wp\/v2\/media?parent=12049"}],"wp:term":[{"taxonomy":"product_brand","embeddable":true,"href":"https:\/\/bobobooks.de\/de\/wp-json\/wp\/v2\/product_brand?post=12049"},{"taxonomy":"product_cat","embeddable":true,"href":"https:\/\/bobobooks.de\/de\/wp-json\/wp\/v2\/product_cat?post=12049"},{"taxonomy":"product_tag","embeddable":true,"href":"https:\/\/bobobooks.de\/de\/wp-json\/wp\/v2\/product_tag?post=12049"}],"curies":[{"name":"wp","href":"https:\/\/api.w.org\/{rel}","templated":true}]}}