{"id":11244,"date":"2023-01-30T10:43:16","date_gmt":"2023-01-30T09:43:16","guid":{"rendered":"https:\/\/bobobooks.de\/?post_type=product&#038;p=11244"},"modified":"2026-03-23T22:47:20","modified_gmt":"2026-03-23T21:47:20","slug":"kosmische-kuriositaten-vollstandige-sammlung","status":"publish","type":"product","link":"https:\/\/bobobooks.de\/de\/yu-zhou-qi-qu-quan-ji\/","title":{"rendered":"Kosmische Kuriosit\u00e4ten Vollst\u00e4ndige Sammlung"},"content":{"rendered":"<p>\u738b\u5c0f\u6ce2\u3001\u82cf\u7ae5\u3001\u963f\u57ce\u3001\u6b62\u5eb5\u662f\u4ed6\u7684\u5fe0\u5b9e\u7c89\u4e1d<\/p>\n<p>\u6731\u5929\u6587\uff0c\u5510\u8bfa\u662f\u5361\u5c14\u7ef4\u8bfa\u4e0d\u4f59\u9057\u529b\u7684\u4f20\u64ad\u8005<\/p>\n<p>\u6881\u6587\u9053\u8bf4\u4ed6\u4e00\u76f4\u5728\u51c6\u5907\u8c08\u5361\u5c14\u7ef4\u8bfa\uff0c\u53ef\u662f\u4e00\u76f4\u6ca1\u51c6\u5907\u597d<\/p>\n<p>Ma\u00dfgebliche Ausgabe, vollst\u00e4ndig \u00fcberarbeitete einb\u00e4ndige \u00dcbersetzung von 2006, mit zus\u00e4tzlichem Vorwort, Nachwort, Anmerkungen und weiteren wichtigen Informationen zu Calvinos Werken.<\/p>\n<p>\u77e5\u540d\u8bbe\u8ba1\u5e08\u5168\u65b0\u88c5\u5e27\uff0c\u7cbe\u88c5\u53cc\u5c01 \u8bbe\u8ba1\uff0c\u4e66\u810a\u70eb\u91d1\uff0c\u5c01\u9762\u91c7\u7528\u539f\u521b\u7ebf\u6761\u56fe\uff0c\u8d4b\u4e88\u6bcf\u90e8\u4f5c\u54c1\u6587\u5b66\u4e2a\u6027<\/p>\n<p>\u8fd9\u672c\u4e66\u9996\u6b21\u5c06\u5361\u5c14\u7ef4\u8bfa\u4ece\u4e00\u4e5d\u516d\u56db\u5e74\u8d77\u8bb2\u7684\u6240\u6709\u5b87\u5b99\u5947\u8da3\u6545\u4e8b\u6536\u5f55\u5728\u540c\u4e00\u672c\u4e66\u4e2d\u3002\u672c\u4e66\u4e5f\u8d77\u5230\u4e86\u4e00\u4e2a\u6709\u8da3\u7684\u4f5c\u7528\uff0c\u5373\u628a\u73b0\u4ee3\u79d1\u5b66\u8270\u6da9\u96be\u61c2\u7684\u6982\u5ff5\uff0c\u53d8\u5f97\u8f7b\u677e\u800c\u53ef\u89c1\uff0c\u8fbe\u5230\u5efa\u7acb\u4e00\u79cd\u66f4\u63a5\u8fd1\u5b87\u5b99\u8d77\u6e90\u4e4b\u795e\u8bdd\u800c\u975e\u79d1\u5b66\u5c0f\u8bf4\u7684\u6587\u5b66\u79cd\u7c7b\u3002<\/p>","protected":false},"excerpt":{"rendered":"<p>\u738b\u5c0f\u6ce2\u3001\u82cf\u7ae5\u3001\u963f\u57ce\u3001\u6b62\u5eb5\u662f\u4ed6\u7684\u5fe0\u5b9e\u7c89\u4e1d \u6731\u5929\u6587\uff0c\u5510\u8bfa\u662f\u5361\u5c14\u7ef4\u8bfa\u4e0d\u4f59\u9057\u529b\u7684\u4f20\u64ad\u8005 \u6881\u6587\u9053\u8bf4\u4ed6\u4e00\u76f4\u5728\u51c6\u5907\u8c08\u5361\u5c14\u7ef4\u8bfa [&hellip;]<\/p>\n","protected":false},"featured_media":26183,"template":"","meta":{"advanced_seo_description":"","jetpack_seo_html_title":"","jetpack_seo_noindex":false,"jetpack_post_was_ever_published":false},"product_brand":[],"product_cat":[132711,132888],"product_tag":[],"class_list":{"0":"post-11244","1":"product","2":"type-product","3":"status-publish","4":"has-post-thumbnail","6":"product_cat-132711","7":"product_cat-132888","9":"first","10":"instock","11":"taxable","12":"shipping-taxable","13":"purchasable","14":"product-type-simple"},"exclude_global_add_ons":[],"addons":[],"jetpack_sharing_enabled":true,"_links":{"self":[{"href":"https:\/\/bobobooks.de\/de\/wp-json\/wp\/v2\/product\/11244","targetHints":{"allow":["GET"]}}],"collection":[{"href":"https:\/\/bobobooks.de\/de\/wp-json\/wp\/v2\/product"}],"about":[{"href":"https:\/\/bobobooks.de\/de\/wp-json\/wp\/v2\/types\/product"}],"version-history":[{"count":3,"href":"https:\/\/bobobooks.de\/de\/wp-json\/wp\/v2\/product\/11244\/revisions"}],"predecessor-version":[{"id":11872,"href":"https:\/\/bobobooks.de\/de\/wp-json\/wp\/v2\/product\/11244\/revisions\/11872"}],"wp:featuredmedia":[{"embeddable":true,"href":"https:\/\/bobobooks.de\/de\/wp-json\/wp\/v2\/media\/26183"}],"wp:attachment":[{"href":"https:\/\/bobobooks.de\/de\/wp-json\/wp\/v2\/media?parent=11244"}],"wp:term":[{"taxonomy":"product_brand","embeddable":true,"href":"https:\/\/bobobooks.de\/de\/wp-json\/wp\/v2\/product_brand?post=11244"},{"taxonomy":"product_cat","embeddable":true,"href":"https:\/\/bobobooks.de\/de\/wp-json\/wp\/v2\/product_cat?post=11244"},{"taxonomy":"product_tag","embeddable":true,"href":"https:\/\/bobobooks.de\/de\/wp-json\/wp\/v2\/product_tag?post=11244"}],"curies":[{"name":"wp","href":"https:\/\/api.w.org\/{rel}","templated":true}]}}