{"id":11234,"date":"2023-01-30T10:43:11","date_gmt":"2023-01-30T09:43:11","guid":{"rendered":"https:\/\/bobobooks.de\/?post_type=product&#038;p=11234"},"modified":"2026-01-01T16:23:18","modified_gmt":"2026-01-01T15:23:18","slug":"einzelheiten-der-rechtsstaatlichkeit","status":"publish","type":"product","link":"https:\/\/bobobooks.de\/de\/fa-zhi-de-xi-jie\/","title":{"rendered":"Einzelheiten der Rechtsstaatlichkeit"},"content":{"rendered":"<p>Details of the Rule of Law\" ist ein brandneues juristisches Essay von Luo Xiang, Juraprofessor an der Chinesischen Universit\u00e4t f\u00fcr Politik- und Rechtswissenschaften. Es richtet sich an die allgemeine Leserschaft und popularisiert juristisches Wissen und das Konzept der Rechtsstaatlichkeit in sechs gro\u00dfen Abschnitten, wie z. B. Interpretation von brisanten F\u00e4llen, Popularisierung des Rechtskonzepts und Erl\u00e4uterung von klassischen B\u00fcchern. Der Inhalt umfasst den Simpson-Fall, das Trolley-Problem, das System der sexuellen Einwilligung und andere grundlegende Rechtskenntnisse, oder den N-Raum, den Fall Zhang Yuhuan und andere aktuelle F\u00e4lle, die mehrdimensionale Kultivierung des juristischen Denkens, den Aufbau der rechtsstaatlichen Gesellschaft und das Aufleuchten des Lichts der Rechtsstaatlichkeit im Herzen eines jeden Menschen.<\/p>\n<p>Dar\u00fcber hinaus enth\u00e4lt das Buch auch Luo Xiang's Reise nach der Explosion der Popularit\u00e4t, teilen seine Schulbildung und Wachstum Erfahrung, offenbart die Ver\u00e4nderungen und die Reife seines Geisteszustandes, und die Leser durch das Lesen und Einsicht, aus der verwirrten Momente des Lebens, und verbessern die Details der Rechtsstaatlichkeit in der Realit\u00e4t zusammen.<\/p>","protected":false},"excerpt":{"rendered":"<p>\u300a\u6cd5\u6cbb\u7684\u7ec6\u8282\u300b\u662f\u4e2d\u56fd\u653f\u6cd5\u5927\u5b66\u6cd5\u5b66\u6559\u6388\u7f57\u7fd4\u5168\u65b0\u7684\u6cd5\u5b66\u968f\u7b14\uff0c\u9762\u5411\u5927\u4f17\u8bfb\u8005\uff0c\u4ece\u70ed\u70b9\u6848\u4ef6\u89e3\u8bfb\u3001\u6cd5\u5b66\u7406\u5ff5\u79d1\u666e\u3001\u7ecf\u5178\u540d\u8457\u8bb2 [&hellip;]<\/p>\n","protected":false},"featured_media":25006,"template":"","meta":{"advanced_seo_description":"","jetpack_seo_html_title":"","jetpack_seo_noindex":false,"jetpack_post_was_ever_published":false},"product_brand":[],"product_cat":[132633,132897],"product_tag":[],"class_list":{"0":"post-11234","1":"product","2":"type-product","3":"status-publish","4":"has-post-thumbnail","6":"product_cat-132633","7":"product_cat-132897","9":"first","10":"instock","11":"taxable","12":"shipping-taxable","13":"purchasable","14":"product-type-simple"},"exclude_global_add_ons":[],"addons":[],"jetpack_sharing_enabled":true,"_links":{"self":[{"href":"https:\/\/bobobooks.de\/de\/wp-json\/wp\/v2\/product\/11234","targetHints":{"allow":["GET"]}}],"collection":[{"href":"https:\/\/bobobooks.de\/de\/wp-json\/wp\/v2\/product"}],"about":[{"href":"https:\/\/bobobooks.de\/de\/wp-json\/wp\/v2\/types\/product"}],"version-history":[{"count":3,"href":"https:\/\/bobobooks.de\/de\/wp-json\/wp\/v2\/product\/11234\/revisions"}],"predecessor-version":[{"id":11824,"href":"https:\/\/bobobooks.de\/de\/wp-json\/wp\/v2\/product\/11234\/revisions\/11824"}],"wp:featuredmedia":[{"embeddable":true,"href":"https:\/\/bobobooks.de\/de\/wp-json\/wp\/v2\/media\/25006"}],"wp:attachment":[{"href":"https:\/\/bobobooks.de\/de\/wp-json\/wp\/v2\/media?parent=11234"}],"wp:term":[{"taxonomy":"product_brand","embeddable":true,"href":"https:\/\/bobobooks.de\/de\/wp-json\/wp\/v2\/product_brand?post=11234"},{"taxonomy":"product_cat","embeddable":true,"href":"https:\/\/bobobooks.de\/de\/wp-json\/wp\/v2\/product_cat?post=11234"},{"taxonomy":"product_tag","embeddable":true,"href":"https:\/\/bobobooks.de\/de\/wp-json\/wp\/v2\/product_tag?post=11234"}],"curies":[{"name":"wp","href":"https:\/\/api.w.org\/{rel}","templated":true}]}}