{"id":11230,"date":"2023-01-30T10:43:10","date_gmt":"2023-01-30T09:43:10","guid":{"rendered":"https:\/\/bobobooks.de\/?post_type=product&#038;p=11230"},"modified":"2026-03-23T22:44:00","modified_gmt":"2026-03-23T21:44:00","slug":"ein-sinnloser-job","status":"publish","type":"product","link":"https:\/\/bobobooks.de\/de\/hao-wu-yi-yi-de-gong-zuo\/","title":{"rendered":"Ein sinnloser Job."},"content":{"rendered":"<p>Keynes sagte in den 1930er Jahren voraus, dass die Technologie bis zum Ende des 20. Jahrhunderts so weit fortgeschritten sein w\u00fcrde, dass die w\u00f6chentliche Arbeitszeit der Menschen auf 15 Stunden reduziert werden k\u00f6nnte. Doch heute verbringen die Menschen mehr Zeit bei der Arbeit. Leistet Ihre Arbeit einen Beitrag zur Welt? David Graeber stellte diese ergreifende Frage 2013 in seinem Artikel \"Talking About Bullshit Work\", der innerhalb weniger Wochen mehr als eine Million Mal gelesen und in mehr als ein Dutzend Sprachen \u00fcbersetzt wurde. Bis heute ist sie ein Thema, das uns sehr besch\u00e4ftigt. Wer schafft all diese sinnlose Arbeit? Wie verringert sie die Effizienz, behindert die Verwirklichung pers\u00f6nlicher Werte und versch\u00e4rft die Ungleichheit? In diesem Buch stellt der Autor all seine Beobachtungen, Forschungen und \u00dcberlegungen mit scharfen Strichen dar und seziert die aktuellen sozialen Brennpunkte, die die Welt plagen.<\/p>\n<p>Vorwort von Liang Yong'an und Yan Fei, empfohlen von Chen Jiaying, Xiang Biao, Liu Qing, Luo Jiade und Feng Lun.<\/p>","protected":false},"excerpt":{"rendered":"<p>\u51ef\u6069\u65af\u66fe\u572820\u4e16\u7eaa30\u5e74\u4ee3\u9884\u8a00\uff1a\u523020\u4e16\u7eaa\u672b\uff0c\u79d1\u6280\u6c34\u5e73\u5c06\u8db3\u591f\u8fdb\u6b65\uff0c\u4eba\u4eec\u6bcf\u5468\u7684\u5de5\u4f5c\u65f6\u957f\u4f1a\u7f29\u77ed\u81f315\u5c0f\u65f6\u3002\u4f46\u5982\u4eca\uff0c [&hellip;]<\/p>\n","protected":false},"featured_media":25036,"template":"","meta":{"advanced_seo_description":"","jetpack_seo_html_title":"","jetpack_seo_noindex":false,"jetpack_post_was_ever_published":false},"product_brand":[],"product_cat":[132633,132716],"product_tag":[],"class_list":{"0":"post-11230","1":"product","2":"type-product","3":"status-publish","4":"has-post-thumbnail","6":"product_cat-132633","7":"product_cat-shx","9":"first","10":"instock","11":"taxable","12":"shipping-taxable","13":"purchasable","14":"product-type-simple"},"exclude_global_add_ons":[],"addons":[],"jetpack_sharing_enabled":true,"_links":{"self":[{"href":"https:\/\/bobobooks.de\/de\/wp-json\/wp\/v2\/product\/11230","targetHints":{"allow":["GET"]}}],"collection":[{"href":"https:\/\/bobobooks.de\/de\/wp-json\/wp\/v2\/product"}],"about":[{"href":"https:\/\/bobobooks.de\/de\/wp-json\/wp\/v2\/types\/product"}],"version-history":[{"count":3,"href":"https:\/\/bobobooks.de\/de\/wp-json\/wp\/v2\/product\/11230\/revisions"}],"predecessor-version":[{"id":11833,"href":"https:\/\/bobobooks.de\/de\/wp-json\/wp\/v2\/product\/11230\/revisions\/11833"}],"wp:featuredmedia":[{"embeddable":true,"href":"https:\/\/bobobooks.de\/de\/wp-json\/wp\/v2\/media\/25036"}],"wp:attachment":[{"href":"https:\/\/bobobooks.de\/de\/wp-json\/wp\/v2\/media?parent=11230"}],"wp:term":[{"taxonomy":"product_brand","embeddable":true,"href":"https:\/\/bobobooks.de\/de\/wp-json\/wp\/v2\/product_brand?post=11230"},{"taxonomy":"product_cat","embeddable":true,"href":"https:\/\/bobobooks.de\/de\/wp-json\/wp\/v2\/product_cat?post=11230"},{"taxonomy":"product_tag","embeddable":true,"href":"https:\/\/bobobooks.de\/de\/wp-json\/wp\/v2\/product_tag?post=11230"}],"curies":[{"name":"wp","href":"https:\/\/api.w.org\/{rel}","templated":true}]}}