{"id":11222,"date":"2023-01-30T10:43:09","date_gmt":"2023-01-30T09:43:09","guid":{"rendered":"https:\/\/bobobooks.de\/?post_type=product&#038;p=11222"},"modified":"2026-03-16T20:40:12","modified_gmt":"2026-03-16T19:40:12","slug":"herbstgarten","status":"publish","type":"product","link":"https:\/\/bobobooks.de\/de\/qiu_yuan\/","title":{"rendered":"Herbstgarten"},"content":{"rendered":"<p>H\u00f6ren Sie, wie eine Gro\u00dfmutter in den Achtzigern die Geschichte von ihr und ihrer Mutter erz\u00e4hlt.<\/p>\n<p>1914 gab es die Person \"Qiuyuan\" in der Welt, und 1918 gab es das Wort \"sie\" auf Chinesisch. Im Jahr 1918 wurde das chinesische Schriftzeichen f\u00fcr \"sie\" eingef\u00fchrt. Sie kam, k\u00e4mpfte, verzweifelte und war gl\u00fccklich in Qiuyuan. Heute erz\u00e4hlt ihre 80-j\u00e4hrige Tochter der Welt von ihr.<\/p>\n<p>\"Ich habe die Geschichte des Lebens einer gew\u00f6hnlichen chinesischen Frau geschrieben, wie unsere Familie wie Treibholz im Wasser ums \u00dcberleben k\u00e4mpfte, und das Leben und Sterben jener l\u00e4ndlichen Charaktere im Hinterland von Zentral- und S\u00fcdchina. Ich wei\u00df, dass die Geschichte, die ich geschrieben habe, wie ein Wassertropfen ist, der schlie\u00dflich in den langen Fluss der Menschheitsgeschichte einm\u00fcndet. -Ich wei\u00df, dass meine Geschichte wie ein Wassertropfen ist, der schlie\u00dflich in den langen Fluss der Menschheitsgeschichte m\u00fcnden wird.<\/p>","protected":false},"excerpt":{"rendered":"<p>\u542c\u516b\u65ec\u5976\u5976\u8bb2\u8ff0\u5979\u548c\u5988\u5988\u7684\u6545\u4e8b\u3002 1914\u5e74\uff0c\u4e16\u4e0a\u6709\u4e86\u201c\u79cb\u56ed\u201d\u8fd9\u4e2a\u4eba\u30021918\u5e74\uff0c\u6c49\u8bed\u6709\u4e86\u201c\u5979\u201d\u8fd9\u4e2a\u5b57\u3002\u79cb\u56ed\uff0c\u5979 [&hellip;]<\/p>\n","protected":false},"featured_media":24806,"template":"","meta":{"advanced_seo_description":"","jetpack_seo_html_title":"","jetpack_seo_noindex":false,"jetpack_post_was_ever_published":false},"product_brand":[],"product_cat":[132922,132924,133482,133485],"product_tag":[],"class_list":{"0":"post-11222","1":"product","2":"type-product","3":"status-publish","4":"has-post-thumbnail","6":"product_cat-132922","7":"product_cat-132924","8":"product_cat-133482","9":"product_cat-133485","11":"first","12":"outofstock","13":"taxable","14":"shipping-taxable","15":"purchasable","16":"product-type-simple"},"exclude_global_add_ons":[],"addons":[],"jetpack_sharing_enabled":true,"_links":{"self":[{"href":"https:\/\/bobobooks.de\/de\/wp-json\/wp\/v2\/product\/11222","targetHints":{"allow":["GET"]}}],"collection":[{"href":"https:\/\/bobobooks.de\/de\/wp-json\/wp\/v2\/product"}],"about":[{"href":"https:\/\/bobobooks.de\/de\/wp-json\/wp\/v2\/types\/product"}],"version-history":[{"count":4,"href":"https:\/\/bobobooks.de\/de\/wp-json\/wp\/v2\/product\/11222\/revisions"}],"predecessor-version":[{"id":14506,"href":"https:\/\/bobobooks.de\/de\/wp-json\/wp\/v2\/product\/11222\/revisions\/14506"}],"wp:featuredmedia":[{"embeddable":true,"href":"https:\/\/bobobooks.de\/de\/wp-json\/wp\/v2\/media\/24806"}],"wp:attachment":[{"href":"https:\/\/bobobooks.de\/de\/wp-json\/wp\/v2\/media?parent=11222"}],"wp:term":[{"taxonomy":"product_brand","embeddable":true,"href":"https:\/\/bobobooks.de\/de\/wp-json\/wp\/v2\/product_brand?post=11222"},{"taxonomy":"product_cat","embeddable":true,"href":"https:\/\/bobobooks.de\/de\/wp-json\/wp\/v2\/product_cat?post=11222"},{"taxonomy":"product_tag","embeddable":true,"href":"https:\/\/bobobooks.de\/de\/wp-json\/wp\/v2\/product_tag?post=11222"}],"curies":[{"name":"wp","href":"https:\/\/api.w.org\/{rel}","templated":true}]}}