{"id":11210,"date":"2023-01-30T10:43:04","date_gmt":"2023-01-30T09:43:04","guid":{"rendered":"https:\/\/bobobooks.de\/?post_type=product&#038;p=11210"},"modified":"2026-03-23T22:43:29","modified_gmt":"2026-03-23T21:43:29","slug":"yao-yuan-de-jiu-shi-zhu","status":"publish","type":"product","link":"https:\/\/bobobooks.de\/de\/yao-yuan-de-jiu-shi-zhu\/","title":{"rendered":"Entfernter Retter"},"content":{"rendered":"<p>Es ist ein langer Roman, der stolz f\u00fcr sich allein stehen kann. Er ist auch ein perfektes Meisterwerk, das nirgendwo sonst zu finden ist.<\/p>\n<p>Bean erkundet mit ihrem Talent eine Welt, die organisch, amorph, seltsam, zweideutig und unerreicht ist. Die farbenfrohen Erfahrungen des Helden und der Heldin sowie die traurige Liebesgeschichte schaffen einen ebenso stillen wie klaren Willen zum transzendentalen Verrat.<\/p>\n<p>Ding Yuanying, ein Wirtschaftsexperte, der f\u00fcr eine deutsche Private-Equity-Firma arbeitete, nutzte seine au\u00dfergew\u00f6hnlichen Mittel, um die von Deutschland gesammelten Gelder in den chinesischen Aktienmarkt zu investieren, und nutzte den \"kulturellen Code\", um das Geld Chinas zu pl\u00fcndern, und fand dann sein Gewissen und zog sich aus dem Unternehmen zur\u00fcck, aber der R\u00fcckzug sollte bestraft werden, und aus diesem Grund zahlte er einen schrecklichen Preis, und alle seine Dividenden wurden eingefroren. Alle seine Dividenden wurden eingefroren, und er war sogar so arm, dass er jeden Tag Instantnudeln a\u00df. Als er in die \"Einsiedelei\" der alten Stadt zur\u00fcckkehrte, lernte er Rui Xiaodan kennen, die in Frankfurt aufgewachsen war und jetzt bei der Kriminalpolizei in der alten Stadt arbeitet. Von Bekanntschaft zu Bekanntschaft entwickelten sich die beiden von einem audiophilen Paar zu einem audiophilen Liebespaar und inszenierten eine wunderbare, romantische und legend\u00e4re Liebe im Himmel.<\/p>\n<p>Die Qualit\u00e4ten eines Schriftstellers sind in Doudou auf ihrem H\u00f6hepunkt, und die Weisheit und Einfachheit des Themas des Werks zeigt auf brillante Weise, dass der Buddhismus hell leuchtet und ungewollt verbl\u00fcfft!<\/p>","protected":false},"excerpt":{"rendered":"<p>\u8fd9\u662f\u4e00\u90e8\u53ef\u4ee5\u50b2\u7136\u72ec\u5c0a\u7684\u957f\u7bc7\u5c0f\u8bf4\u3002\u4e5f\u662f\u4e00\u90e8\u53ef\u9047\u4e0d\u53ef\u6c42\u7684\u5b8c\u7f8e\u4f73\u4f5c\u3002 \u8c46\u8c46\uff0c\u4ee5\u5979\u7684\u624d\u534e\uff0c\u63a2\u7d22\u4e00\u4e2a\u6709\u673a\u7684\u3001\u65e0\u5b9a\u5f62\u7684\u3001\u964c [&hellip;]<\/p>\n","protected":false},"featured_media":26177,"template":"","meta":{"advanced_seo_description":"","jetpack_seo_html_title":"","jetpack_seo_noindex":false},"product_brand":[],"product_cat":[132922,132924],"product_tag":[],"class_list":{"0":"post-11210","1":"product","2":"type-product","3":"status-publish","4":"has-post-thumbnail","6":"product_cat-132922","7":"product_cat-132924","9":"first","10":"instock","11":"taxable","12":"shipping-taxable","13":"purchasable","14":"product-type-simple"},"exclude_global_add_ons":[],"addons":[],"jetpack_sharing_enabled":true,"_links":{"self":[{"href":"https:\/\/bobobooks.de\/de\/wp-json\/wp\/v2\/product\/11210","targetHints":{"allow":["GET"]}}],"collection":[{"href":"https:\/\/bobobooks.de\/de\/wp-json\/wp\/v2\/product"}],"about":[{"href":"https:\/\/bobobooks.de\/de\/wp-json\/wp\/v2\/types\/product"}],"version-history":[{"count":3,"href":"https:\/\/bobobooks.de\/de\/wp-json\/wp\/v2\/product\/11210\/revisions"}],"predecessor-version":[{"id":11787,"href":"https:\/\/bobobooks.de\/de\/wp-json\/wp\/v2\/product\/11210\/revisions\/11787"}],"wp:featuredmedia":[{"embeddable":true,"href":"https:\/\/bobobooks.de\/de\/wp-json\/wp\/v2\/media\/26177"}],"wp:attachment":[{"href":"https:\/\/bobobooks.de\/de\/wp-json\/wp\/v2\/media?parent=11210"}],"wp:term":[{"taxonomy":"product_brand","embeddable":true,"href":"https:\/\/bobobooks.de\/de\/wp-json\/wp\/v2\/product_brand?post=11210"},{"taxonomy":"product_cat","embeddable":true,"href":"https:\/\/bobobooks.de\/de\/wp-json\/wp\/v2\/product_cat?post=11210"},{"taxonomy":"product_tag","embeddable":true,"href":"https:\/\/bobobooks.de\/de\/wp-json\/wp\/v2\/product_tag?post=11210"}],"curies":[{"name":"wp","href":"https:\/\/api.w.org\/{rel}","templated":true}]}}